{"id":966,"date":"2024-12-22T14:23:25","date_gmt":"2024-12-22T14:23:25","guid":{"rendered":"https:\/\/deggaelshop.com\/?post_type=product&#038;p=966"},"modified":"2025-12-01T09:47:37","modified_gmt":"2025-12-01T09:47:37","slug":"tuomas-holopainen-nimmaroitu-the-life-and-times-of-scrooge-2lp-keltainen","status":"publish","type":"product","link":"https:\/\/deggaelshop.com\/en\/product\/tuomas-holopainen-nimmaroitu-the-life-and-times-of-scrooge-2lp-keltainen\/","title":{"rendered":"Tuomas Holopainen : The Life And Times Of Scrooge 2LP, yellow (SIGNED BY TUOMAS)"},"content":{"rendered":"<h3>Very limited edition of 20 pieces with Tuomas' autograph! Order yours now!<\/h3>\n<h2>Songs<\/h2>\n<p>A1 Glasgow 1877<br \/>\nA2 Into The West<br \/>\nA3 Duel &amp; Cloudscapes<br \/>\nA4 Dreamtime<br \/>\nB1 Cold Heart Of The Klondike<br \/>\nB2 The Last Sled<br \/>\nB3 Goodbye, Papa<\/p>\n<p>C1 To Be Rich<br \/>\nC2 A Lifetime Of Adventure<br \/>\nC3 Go Slowly Now, Sands Of Time<br \/>\nD1 A Lifetime Of Adventure (Alternative Version)<\/p>\n<h2>Product information<\/h2>\n<p><strong>Released:<\/strong> 2014\/2023<\/p>","protected":false},"excerpt":{"rendered":"<p>NIGHTWISH -s\u00e4velt\u00e4j\u00e4n sooloalbumi nyt rajoitettuna v\u00e4rivinyylin\u00e4. Limited edition with Tuomas' autograph!<\/p>","protected":false},"featured_media":967,"template":"","meta":[],"product_brand":[],"product_cat":[27,24],"product_tag":[],"class_list":{"0":"post-966","1":"product","2":"type-product","3":"status-publish","4":"has-post-thumbnail","6":"product_cat-lp","7":"product_cat-musiikki","9":"first","10":"outofstock","11":"taxable","12":"shipping-taxable","13":"purchasable","14":"product-type-simple"},"yoast_head":"<!-- This site is optimized with the Yoast SEO plugin v27.4 - https:\/\/yoast.com\/product\/yoast-seo-wordpress\/ -->\n<title>Tuomas Holopainen : The Life And Times Of Scrooge 2LP, keltainen (NIMMAROITU) | DEGGAELSHOP | CD- ja LP-levyt | Kirjat<\/title>\n<meta name=\"robots\" content=\"index, follow, max-snippet:-1, max-image-preview:large, max-video-preview:-1\" \/>\n<link rel=\"canonical\" href=\"https:\/\/deggaelshop.com\/en\/product\/tuomas-holopainen-nimmaroitu-the-life-and-times-of-scrooge-2lp-keltainen\/\" \/>\n<meta property=\"og:locale\" content=\"en_US\" \/>\n<meta property=\"og:type\" content=\"article\" \/>\n<meta property=\"og:title\" content=\"Tuomas Holopainen : The Life And Times Of Scrooge 2LP, keltainen (NIMMAROITU) | DEGGAELSHOP | CD- ja LP-levyt | Kirjat\" \/>\n<meta property=\"og:description\" content=\"NIGHTWISH -s\u00e4velt\u00e4j\u00e4n sooloalbumi nyt rajoitettuna v\u00e4rivinyylin\u00e4. 20 kappaleen rajoitettu painos Tuomaksen nimikirjoituksella!\" \/>\n<meta property=\"og:url\" content=\"https:\/\/deggaelshop.com\/en\/product\/tuomas-holopainen-nimmaroitu-the-life-and-times-of-scrooge-2lp-keltainen\/\" \/>\n<meta property=\"og:site_name\" content=\"DEGGAELSHOP\" \/>\n<meta property=\"article:modified_time\" content=\"2025-12-01T09:47:37+00:00\" \/>\n<meta property=\"og:image\" content=\"https:\/\/deggaelshop.com\/wp-content\/uploads\/2024\/12\/tuomas-scrooge-signed-yellow.jpg\" \/>\n\t<meta property=\"og:image:width\" content=\"1200\" \/>\n\t<meta property=\"og:image:height\" content=\"1200\" \/>\n\t<meta property=\"og:image:type\" content=\"image\/jpeg\" \/>\n<meta name=\"twitter:card\" content=\"summary_large_image\" \/>\n<meta name=\"twitter:label1\" content=\"Est. reading time\" \/>\n\t<meta name=\"twitter:data1\" content=\"1 minute\" \/>\n<script type=\"application\/ld+json\" class=\"yoast-schema-graph\">{\"@context\":\"https:\\\/\\\/schema.org\",\"@graph\":[{\"@type\":\"WebPage\",\"@id\":\"https:\\\/\\\/deggaelshop.com\\\/product\\\/tuomas-holopainen-nimmaroitu-the-life-and-times-of-scrooge-2lp-keltainen\\\/\",\"url\":\"https:\\\/\\\/deggaelshop.com\\\/product\\\/tuomas-holopainen-nimmaroitu-the-life-and-times-of-scrooge-2lp-keltainen\\\/\",\"name\":\"Tuomas Holopainen : The Life And Times Of Scrooge 2LP, keltainen (NIMMAROITU) | DEGGAELSHOP | CD- ja LP-levyt | Kirjat\",\"isPartOf\":{\"@id\":\"https:\\\/\\\/deggaelshop.com\\\/#website\"},\"primaryImageOfPage\":{\"@id\":\"https:\\\/\\\/deggaelshop.com\\\/product\\\/tuomas-holopainen-nimmaroitu-the-life-and-times-of-scrooge-2lp-keltainen\\\/#primaryimage\"},\"image\":{\"@id\":\"https:\\\/\\\/deggaelshop.com\\\/product\\\/tuomas-holopainen-nimmaroitu-the-life-and-times-of-scrooge-2lp-keltainen\\\/#primaryimage\"},\"thumbnailUrl\":\"https:\\\/\\\/deggaelshop.com\\\/wp-content\\\/uploads\\\/2024\\\/12\\\/tuomas-scrooge-signed-yellow.jpg\",\"datePublished\":\"2024-12-22T14:23:25+00:00\",\"dateModified\":\"2025-12-01T09:47:37+00:00\",\"breadcrumb\":{\"@id\":\"https:\\\/\\\/deggaelshop.com\\\/product\\\/tuomas-holopainen-nimmaroitu-the-life-and-times-of-scrooge-2lp-keltainen\\\/#breadcrumb\"},\"inLanguage\":\"en-US\",\"potentialAction\":[{\"@type\":\"ReadAction\",\"target\":[\"https:\\\/\\\/deggaelshop.com\\\/product\\\/tuomas-holopainen-nimmaroitu-the-life-and-times-of-scrooge-2lp-keltainen\\\/\"]}]},{\"@type\":\"ImageObject\",\"inLanguage\":\"en-US\",\"@id\":\"https:\\\/\\\/deggaelshop.com\\\/product\\\/tuomas-holopainen-nimmaroitu-the-life-and-times-of-scrooge-2lp-keltainen\\\/#primaryimage\",\"url\":\"https:\\\/\\\/deggaelshop.com\\\/wp-content\\\/uploads\\\/2024\\\/12\\\/tuomas-scrooge-signed-yellow.jpg\",\"contentUrl\":\"https:\\\/\\\/deggaelshop.com\\\/wp-content\\\/uploads\\\/2024\\\/12\\\/tuomas-scrooge-signed-yellow.jpg\",\"width\":1200,\"height\":1200},{\"@type\":\"BreadcrumbList\",\"@id\":\"https:\\\/\\\/deggaelshop.com\\\/product\\\/tuomas-holopainen-nimmaroitu-the-life-and-times-of-scrooge-2lp-keltainen\\\/#breadcrumb\",\"itemListElement\":[{\"@type\":\"ListItem\",\"position\":1,\"name\":\"Etusivu\",\"item\":\"https:\\\/\\\/deggaelshop.com\\\/\"},{\"@type\":\"ListItem\",\"position\":2,\"name\":\"Deggael Shop\",\"item\":\"https:\\\/\\\/deggaelshop.com\\\/deggael-shop\\\/\"},{\"@type\":\"ListItem\",\"position\":3,\"name\":\"Tuomas Holopainen : The Life And Times Of Scrooge 2LP, keltainen (NIMMAROITU)\"}]},{\"@type\":\"WebSite\",\"@id\":\"https:\\\/\\\/deggaelshop.com\\\/#website\",\"url\":\"https:\\\/\\\/deggaelshop.com\\\/\",\"name\":\"Deggael Shop\",\"description\":\"Deggael Communications\",\"publisher\":{\"@id\":\"https:\\\/\\\/deggaelshop.com\\\/#organization\"},\"alternateName\":\"Levykauppa | CD-levyt | Kirjat\",\"potentialAction\":[{\"@type\":\"SearchAction\",\"target\":{\"@type\":\"EntryPoint\",\"urlTemplate\":\"https:\\\/\\\/deggaelshop.com\\\/?s={search_term_string}\"},\"query-input\":{\"@type\":\"PropertyValueSpecification\",\"valueRequired\":true,\"valueName\":\"search_term_string\"}}],\"inLanguage\":\"en-US\"},{\"@type\":\"Organization\",\"@id\":\"https:\\\/\\\/deggaelshop.com\\\/#organization\",\"name\":\"Deggael Communications\",\"alternateName\":\"Deggael Shop\",\"url\":\"https:\\\/\\\/deggaelshop.com\\\/\",\"logo\":{\"@type\":\"ImageObject\",\"inLanguage\":\"en-US\",\"@id\":\"https:\\\/\\\/deggaelshop.com\\\/#\\\/schema\\\/logo\\\/image\\\/\",\"url\":\"https:\\\/\\\/deggaelshop.com\\\/wp-content\\\/uploads\\\/2023\\\/07\\\/deggael-logo-black-1.png\",\"contentUrl\":\"https:\\\/\\\/deggaelshop.com\\\/wp-content\\\/uploads\\\/2023\\\/07\\\/deggael-logo-black-1.png\",\"width\":2000,\"height\":700,\"caption\":\"Deggael Communications\"},\"image\":{\"@id\":\"https:\\\/\\\/deggaelshop.com\\\/#\\\/schema\\\/logo\\\/image\\\/\"}}]}<\/script>\n<!-- \/ Yoast SEO plugin. -->","yoast_head_json":{"title":"Tuomas Holopainen : The Life And Times Of Scrooge 2LP, keltainen (NIMMAROITU) | DEGGAELSHOP | CD- ja LP-levyt | Kirjat","robots":{"index":"index","follow":"follow","max-snippet":"max-snippet:-1","max-image-preview":"max-image-preview:large","max-video-preview":"max-video-preview:-1"},"canonical":"https:\/\/deggaelshop.com\/en\/product\/tuomas-holopainen-nimmaroitu-the-life-and-times-of-scrooge-2lp-keltainen\/","og_locale":"en_US","og_type":"article","og_title":"Tuomas Holopainen : The Life And Times Of Scrooge 2LP, keltainen (NIMMAROITU) | DEGGAELSHOP | CD- ja LP-levyt | Kirjat","og_description":"NIGHTWISH -s\u00e4velt\u00e4j\u00e4n sooloalbumi nyt rajoitettuna v\u00e4rivinyylin\u00e4. 20 kappaleen rajoitettu painos Tuomaksen nimikirjoituksella!","og_url":"https:\/\/deggaelshop.com\/en\/product\/tuomas-holopainen-nimmaroitu-the-life-and-times-of-scrooge-2lp-keltainen\/","og_site_name":"DEGGAELSHOP","article_modified_time":"2025-12-01T09:47:37+00:00","og_image":[{"width":1200,"height":1200,"url":"https:\/\/deggaelshop.com\/wp-content\/uploads\/2024\/12\/tuomas-scrooge-signed-yellow.jpg","type":"image\/jpeg"}],"twitter_card":"summary_large_image","twitter_misc":{"Est. reading time":"1 minute"},"schema":{"@context":"https:\/\/schema.org","@graph":[{"@type":"WebPage","@id":"https:\/\/deggaelshop.com\/product\/tuomas-holopainen-nimmaroitu-the-life-and-times-of-scrooge-2lp-keltainen\/","url":"https:\/\/deggaelshop.com\/product\/tuomas-holopainen-nimmaroitu-the-life-and-times-of-scrooge-2lp-keltainen\/","name":"Tuomas Holopainen : The Life And Times Of Scrooge 2LP, keltainen (NIMMAROITU) | DEGGAELSHOP | CD- ja LP-levyt | Kirjat","isPartOf":{"@id":"https:\/\/deggaelshop.com\/#website"},"primaryImageOfPage":{"@id":"https:\/\/deggaelshop.com\/product\/tuomas-holopainen-nimmaroitu-the-life-and-times-of-scrooge-2lp-keltainen\/#primaryimage"},"image":{"@id":"https:\/\/deggaelshop.com\/product\/tuomas-holopainen-nimmaroitu-the-life-and-times-of-scrooge-2lp-keltainen\/#primaryimage"},"thumbnailUrl":"https:\/\/deggaelshop.com\/wp-content\/uploads\/2024\/12\/tuomas-scrooge-signed-yellow.jpg","datePublished":"2024-12-22T14:23:25+00:00","dateModified":"2025-12-01T09:47:37+00:00","breadcrumb":{"@id":"https:\/\/deggaelshop.com\/product\/tuomas-holopainen-nimmaroitu-the-life-and-times-of-scrooge-2lp-keltainen\/#breadcrumb"},"inLanguage":"en-US","potentialAction":[{"@type":"ReadAction","target":["https:\/\/deggaelshop.com\/product\/tuomas-holopainen-nimmaroitu-the-life-and-times-of-scrooge-2lp-keltainen\/"]}]},{"@type":"ImageObject","inLanguage":"en-US","@id":"https:\/\/deggaelshop.com\/product\/tuomas-holopainen-nimmaroitu-the-life-and-times-of-scrooge-2lp-keltainen\/#primaryimage","url":"https:\/\/deggaelshop.com\/wp-content\/uploads\/2024\/12\/tuomas-scrooge-signed-yellow.jpg","contentUrl":"https:\/\/deggaelshop.com\/wp-content\/uploads\/2024\/12\/tuomas-scrooge-signed-yellow.jpg","width":1200,"height":1200},{"@type":"BreadcrumbList","@id":"https:\/\/deggaelshop.com\/product\/tuomas-holopainen-nimmaroitu-the-life-and-times-of-scrooge-2lp-keltainen\/#breadcrumb","itemListElement":[{"@type":"ListItem","position":1,"name":"Etusivu","item":"https:\/\/deggaelshop.com\/"},{"@type":"ListItem","position":2,"name":"Deggael Shop","item":"https:\/\/deggaelshop.com\/deggael-shop\/"},{"@type":"ListItem","position":3,"name":"Tuomas Holopainen : The Life And Times Of Scrooge 2LP, keltainen (NIMMAROITU)"}]},{"@type":"WebSite","@id":"https:\/\/deggaelshop.com\/#website","url":"https:\/\/deggaelshop.com\/","name":"Deggael Shop","description":"Deggael Communications","publisher":{"@id":"https:\/\/deggaelshop.com\/#organization"},"alternateName":"Levykauppa | CD-levyt | Kirjat","potentialAction":[{"@type":"SearchAction","target":{"@type":"EntryPoint","urlTemplate":"https:\/\/deggaelshop.com\/?s={search_term_string}"},"query-input":{"@type":"PropertyValueSpecification","valueRequired":true,"valueName":"search_term_string"}}],"inLanguage":"en-US"},{"@type":"Organization","@id":"https:\/\/deggaelshop.com\/#organization","name":"Deggael Communications","alternateName":"Deggael Shop","url":"https:\/\/deggaelshop.com\/","logo":{"@type":"ImageObject","inLanguage":"en-US","@id":"https:\/\/deggaelshop.com\/#\/schema\/logo\/image\/","url":"https:\/\/deggaelshop.com\/wp-content\/uploads\/2023\/07\/deggael-logo-black-1.png","contentUrl":"https:\/\/deggaelshop.com\/wp-content\/uploads\/2023\/07\/deggael-logo-black-1.png","width":2000,"height":700,"caption":"Deggael Communications"},"image":{"@id":"https:\/\/deggaelshop.com\/#\/schema\/logo\/image\/"}}]}},"_links":{"self":[{"href":"https:\/\/deggaelshop.com\/en\/wp-json\/wp\/v2\/product\/966","targetHints":{"allow":["GET"]}}],"collection":[{"href":"https:\/\/deggaelshop.com\/en\/wp-json\/wp\/v2\/product"}],"about":[{"href":"https:\/\/deggaelshop.com\/en\/wp-json\/wp\/v2\/types\/product"}],"wp:featuredmedia":[{"embeddable":true,"href":"https:\/\/deggaelshop.com\/en\/wp-json\/wp\/v2\/media\/967"}],"wp:attachment":[{"href":"https:\/\/deggaelshop.com\/en\/wp-json\/wp\/v2\/media?parent=966"}],"wp:term":[{"taxonomy":"product_brand","embeddable":true,"href":"https:\/\/deggaelshop.com\/en\/wp-json\/wp\/v2\/product_brand?post=966"},{"taxonomy":"product_cat","embeddable":true,"href":"https:\/\/deggaelshop.com\/en\/wp-json\/wp\/v2\/product_cat?post=966"},{"taxonomy":"product_tag","embeddable":true,"href":"https:\/\/deggaelshop.com\/en\/wp-json\/wp\/v2\/product_tag?post=966"}],"curies":[{"name":"wp","href":"https:\/\/api.w.org\/{rel}","templated":true}]}}