{"id":706,"date":"2023-12-11T08:35:24","date_gmt":"2023-12-11T08:35:24","guid":{"rendered":"https:\/\/deggaelshop.com\/?post_type=product&#038;p=706"},"modified":"2025-11-19T04:49:54","modified_gmt":"2025-11-19T04:49:54","slug":"musta-paraati-tavastia-2019","status":"publish","type":"product","link":"https:\/\/deggaelshop.com\/en\/product\/musta-paraati-tavastia-2019\/","title":{"rendered":"Musta Paraati : Tavastia 2019 CD"},"content":{"rendered":"<div id=\"long-description\">\n<h4>Kulttuuritalon keikalta j\u00e4\u00e4neet viimeiset 50 kpl saatavilla nyt!<\/h4>\n<h2>Songs<\/h2>\n<div id=\"long-description\">\n<p>1. K\u00c4DET (07:27)<span class=\"Apple-converted-space\"><br \/>\n<\/span>2. RADIO (03:35)<br \/>\n3. AUJOURD`HUI (04:16)<br \/>\n4. THE RACE IS ON (03:10)<br \/>\n5.<span class=\"Apple-converted-space\">\u00a0 <\/span>REAPER (04:51)<br \/>\n6. DIGITAL TWIN (03:50)<br \/>\n7.<span class=\"Apple-converted-space\">\u00a0 <\/span>ANIMOSITY (04:41)<br \/>\n8. TODAY (03:03)<br \/>\n9.<span class=\"Apple-converted-space\">\u00a0 <\/span>CHOPSTICKS (05:20)<br \/>\n10 . NACHT DER UNTOTEN (04:50)<span class=\"Apple-converted-space\"><br \/>\n<\/span>11. IF I DIE TOMORROW (05:53)<span class=\"Apple-converted-space\"><br \/>\n<\/span>12. HYV\u00c4\u00c4 Y\u00d6T\u00c4 (04:23)<span class=\"Apple-converted-space\"><br \/>\n<\/span>13. PEILITALO (03:01)<span class=\"Apple-converted-space\"><br \/>\n<\/span>14. THE LEADER (04:05) <span class=\"Apple-converted-space\"><br \/>\n<\/span>15. ROMANSSI (04:29)<span class=\"Apple-converted-space\">\u00a0<\/span><\/p>\n<p><strong><span class=\"caps\">MUSTA<\/span> <span class=\"caps\">PARAATI<\/span> 2019:<br \/>\n<\/strong><strong>Yk\u00e4 Knuuttila:<\/strong> drums<br \/>\n<strong>Saku Paasiniemi:<\/strong> guitar<br \/>\n<strong>Jyrki69:<\/strong> vocals<br \/>\n<strong>Archie:<\/strong> bass<br \/>\n<strong>Karppa:<\/strong> keyboards<\/p>\n<p><em>Recorded at Tavastia club in Helsinki 13.3.2019.<\/em><\/p>\n<p><strong>Recording:<\/strong> Janne Vuori<br \/>\n<strong>Mixing:<\/strong> Mikko Karmila Finnvox, syyskuu 2023.<br \/>\n<strong>Mastering:<\/strong> Mika Jussila Finnvox, lokakuu 2023.<br \/>\n<strong>Photos:<\/strong> Juha Seila<br \/>\n<strong>CD layout:<\/strong>\u00a0Anniina Rytk\u00f6nen<\/p>\n<\/div>\n<\/div>\n<div id=\"product-information\" class=\"row\">\n<div id=\"header\" class=\"col-xs-12\">\n<h2>Product information<\/h2>\n<p><strong>EAN: <\/strong>6429811042360<br \/>\n<strong>Released: <\/strong>2023<\/p>\n<\/div>\n<\/div>","protected":false},"excerpt":{"rendered":"<p>Black Parade 2029 live @ Tavastia featuring Jyrki69 on vocals and Archie69 on bass. Limited pressing of 500 copies.<\/p>","protected":false},"featured_media":715,"template":"","meta":[],"product_brand":[],"product_cat":[26,24],"product_tag":[],"class_list":{"0":"post-706","1":"product","2":"type-product","3":"status-publish","4":"has-post-thumbnail","6":"product_cat-cd","7":"product_cat-musiikki","9":"first","10":"instock","11":"taxable","12":"shipping-taxable","13":"purchasable","14":"product-type-simple"},"yoast_head":"<!-- This site is optimized with the Yoast SEO plugin v27.4 - https:\/\/yoast.com\/product\/yoast-seo-wordpress\/ -->\n<title>Musta Paraati : Tavastia 2019 CD | DEGGAELSHOP | CD- ja LP-levyt | Kirjat<\/title>\n<meta name=\"robots\" content=\"index, follow, max-snippet:-1, max-image-preview:large, max-video-preview:-1\" \/>\n<link rel=\"canonical\" href=\"https:\/\/deggaelshop.com\/en\/product\/musta-paraati-tavastia-2019\/\" \/>\n<meta property=\"og:locale\" content=\"en_US\" \/>\n<meta property=\"og:type\" content=\"article\" \/>\n<meta property=\"og:title\" content=\"Musta Paraati : Tavastia 2019 CD | DEGGAELSHOP | CD- ja LP-levyt | Kirjat\" \/>\n<meta property=\"og:description\" content=\"Black Parade 2029 live @ Tavastia featuring Jyrki69 on vocals and Archie69 on bass. Limited pressing of 500 copies.\" \/>\n<meta property=\"og:url\" content=\"https:\/\/deggaelshop.com\/en\/product\/musta-paraati-tavastia-2019\/\" \/>\n<meta property=\"og:site_name\" content=\"DEGGAELSHOP\" \/>\n<meta property=\"article:modified_time\" content=\"2025-11-19T04:49:54+00:00\" \/>\n<meta property=\"og:image\" content=\"https:\/\/deggaelshop.com\/wp-content\/uploads\/2023\/12\/musta-paraati-cd-booklet-kansi.jpg\" \/>\n\t<meta property=\"og:image:width\" content=\"1200\" \/>\n\t<meta property=\"og:image:height\" content=\"1201\" \/>\n\t<meta property=\"og:image:type\" content=\"image\/jpeg\" \/>\n<meta name=\"twitter:card\" content=\"summary_large_image\" \/>\n<meta name=\"twitter:label1\" content=\"Est. reading time\" \/>\n\t<meta name=\"twitter:data1\" content=\"1 minute\" \/>\n<script type=\"application\/ld+json\" class=\"yoast-schema-graph\">{\"@context\":\"https:\\\/\\\/schema.org\",\"@graph\":[{\"@type\":\"WebPage\",\"@id\":\"https:\\\/\\\/deggaelshop.com\\\/product\\\/musta-paraati-tavastia-2019\\\/\",\"url\":\"https:\\\/\\\/deggaelshop.com\\\/product\\\/musta-paraati-tavastia-2019\\\/\",\"name\":\"Musta Paraati : Tavastia 2019 CD | DEGGAELSHOP | CD- ja LP-levyt | Kirjat\",\"isPartOf\":{\"@id\":\"https:\\\/\\\/deggaelshop.com\\\/#website\"},\"primaryImageOfPage\":{\"@id\":\"https:\\\/\\\/deggaelshop.com\\\/product\\\/musta-paraati-tavastia-2019\\\/#primaryimage\"},\"image\":{\"@id\":\"https:\\\/\\\/deggaelshop.com\\\/product\\\/musta-paraati-tavastia-2019\\\/#primaryimage\"},\"thumbnailUrl\":\"https:\\\/\\\/deggaelshop.com\\\/wp-content\\\/uploads\\\/2023\\\/12\\\/musta-paraati-cd-booklet-kansi.jpg\",\"datePublished\":\"2023-12-11T08:35:24+00:00\",\"dateModified\":\"2025-11-19T04:49:54+00:00\",\"breadcrumb\":{\"@id\":\"https:\\\/\\\/deggaelshop.com\\\/product\\\/musta-paraati-tavastia-2019\\\/#breadcrumb\"},\"inLanguage\":\"en-US\",\"potentialAction\":[{\"@type\":\"ReadAction\",\"target\":[\"https:\\\/\\\/deggaelshop.com\\\/product\\\/musta-paraati-tavastia-2019\\\/\"]}]},{\"@type\":\"ImageObject\",\"inLanguage\":\"en-US\",\"@id\":\"https:\\\/\\\/deggaelshop.com\\\/product\\\/musta-paraati-tavastia-2019\\\/#primaryimage\",\"url\":\"https:\\\/\\\/deggaelshop.com\\\/wp-content\\\/uploads\\\/2023\\\/12\\\/musta-paraati-cd-booklet-kansi.jpg\",\"contentUrl\":\"https:\\\/\\\/deggaelshop.com\\\/wp-content\\\/uploads\\\/2023\\\/12\\\/musta-paraati-cd-booklet-kansi.jpg\",\"width\":1200,\"height\":1201},{\"@type\":\"BreadcrumbList\",\"@id\":\"https:\\\/\\\/deggaelshop.com\\\/product\\\/musta-paraati-tavastia-2019\\\/#breadcrumb\",\"itemListElement\":[{\"@type\":\"ListItem\",\"position\":1,\"name\":\"Etusivu\",\"item\":\"https:\\\/\\\/deggaelshop.com\\\/\"},{\"@type\":\"ListItem\",\"position\":2,\"name\":\"Deggael Shop\",\"item\":\"https:\\\/\\\/deggaelshop.com\\\/deggael-shop\\\/\"},{\"@type\":\"ListItem\",\"position\":3,\"name\":\"Musta Paraati : Tavastia 2019 CD\"}]},{\"@type\":\"WebSite\",\"@id\":\"https:\\\/\\\/deggaelshop.com\\\/#website\",\"url\":\"https:\\\/\\\/deggaelshop.com\\\/\",\"name\":\"Deggael Shop\",\"description\":\"Deggael Communications\",\"publisher\":{\"@id\":\"https:\\\/\\\/deggaelshop.com\\\/#organization\"},\"alternateName\":\"Levykauppa | CD-levyt | Kirjat\",\"potentialAction\":[{\"@type\":\"SearchAction\",\"target\":{\"@type\":\"EntryPoint\",\"urlTemplate\":\"https:\\\/\\\/deggaelshop.com\\\/?s={search_term_string}\"},\"query-input\":{\"@type\":\"PropertyValueSpecification\",\"valueRequired\":true,\"valueName\":\"search_term_string\"}}],\"inLanguage\":\"en-US\"},{\"@type\":\"Organization\",\"@id\":\"https:\\\/\\\/deggaelshop.com\\\/#organization\",\"name\":\"Deggael Communications\",\"alternateName\":\"Deggael Shop\",\"url\":\"https:\\\/\\\/deggaelshop.com\\\/\",\"logo\":{\"@type\":\"ImageObject\",\"inLanguage\":\"en-US\",\"@id\":\"https:\\\/\\\/deggaelshop.com\\\/#\\\/schema\\\/logo\\\/image\\\/\",\"url\":\"https:\\\/\\\/deggaelshop.com\\\/wp-content\\\/uploads\\\/2023\\\/07\\\/deggael-logo-black-1.png\",\"contentUrl\":\"https:\\\/\\\/deggaelshop.com\\\/wp-content\\\/uploads\\\/2023\\\/07\\\/deggael-logo-black-1.png\",\"width\":2000,\"height\":700,\"caption\":\"Deggael Communications\"},\"image\":{\"@id\":\"https:\\\/\\\/deggaelshop.com\\\/#\\\/schema\\\/logo\\\/image\\\/\"}}]}<\/script>\n<!-- \/ Yoast SEO plugin. -->","yoast_head_json":{"title":"Musta Paraati : Tavastia 2019 CD | DEGGAELSHOP | CD- ja LP-levyt | Kirjat","robots":{"index":"index","follow":"follow","max-snippet":"max-snippet:-1","max-image-preview":"max-image-preview:large","max-video-preview":"max-video-preview:-1"},"canonical":"https:\/\/deggaelshop.com\/en\/product\/musta-paraati-tavastia-2019\/","og_locale":"en_US","og_type":"article","og_title":"Musta Paraati : Tavastia 2019 CD | DEGGAELSHOP | CD- ja LP-levyt | Kirjat","og_description":"Black Parade 2029 live @ Tavastia featuring Jyrki69 on vocals and Archie69 on bass. Limited pressing of 500 copies.","og_url":"https:\/\/deggaelshop.com\/en\/product\/musta-paraati-tavastia-2019\/","og_site_name":"DEGGAELSHOP","article_modified_time":"2025-11-19T04:49:54+00:00","og_image":[{"width":1200,"height":1201,"url":"https:\/\/deggaelshop.com\/wp-content\/uploads\/2023\/12\/musta-paraati-cd-booklet-kansi.jpg","type":"image\/jpeg"}],"twitter_card":"summary_large_image","twitter_misc":{"Est. reading time":"1 minute"},"schema":{"@context":"https:\/\/schema.org","@graph":[{"@type":"WebPage","@id":"https:\/\/deggaelshop.com\/product\/musta-paraati-tavastia-2019\/","url":"https:\/\/deggaelshop.com\/product\/musta-paraati-tavastia-2019\/","name":"Musta Paraati : Tavastia 2019 CD | DEGGAELSHOP | CD- ja LP-levyt | Kirjat","isPartOf":{"@id":"https:\/\/deggaelshop.com\/#website"},"primaryImageOfPage":{"@id":"https:\/\/deggaelshop.com\/product\/musta-paraati-tavastia-2019\/#primaryimage"},"image":{"@id":"https:\/\/deggaelshop.com\/product\/musta-paraati-tavastia-2019\/#primaryimage"},"thumbnailUrl":"https:\/\/deggaelshop.com\/wp-content\/uploads\/2023\/12\/musta-paraati-cd-booklet-kansi.jpg","datePublished":"2023-12-11T08:35:24+00:00","dateModified":"2025-11-19T04:49:54+00:00","breadcrumb":{"@id":"https:\/\/deggaelshop.com\/product\/musta-paraati-tavastia-2019\/#breadcrumb"},"inLanguage":"en-US","potentialAction":[{"@type":"ReadAction","target":["https:\/\/deggaelshop.com\/product\/musta-paraati-tavastia-2019\/"]}]},{"@type":"ImageObject","inLanguage":"en-US","@id":"https:\/\/deggaelshop.com\/product\/musta-paraati-tavastia-2019\/#primaryimage","url":"https:\/\/deggaelshop.com\/wp-content\/uploads\/2023\/12\/musta-paraati-cd-booklet-kansi.jpg","contentUrl":"https:\/\/deggaelshop.com\/wp-content\/uploads\/2023\/12\/musta-paraati-cd-booklet-kansi.jpg","width":1200,"height":1201},{"@type":"BreadcrumbList","@id":"https:\/\/deggaelshop.com\/product\/musta-paraati-tavastia-2019\/#breadcrumb","itemListElement":[{"@type":"ListItem","position":1,"name":"Etusivu","item":"https:\/\/deggaelshop.com\/"},{"@type":"ListItem","position":2,"name":"Deggael Shop","item":"https:\/\/deggaelshop.com\/deggael-shop\/"},{"@type":"ListItem","position":3,"name":"Musta Paraati : Tavastia 2019 CD"}]},{"@type":"WebSite","@id":"https:\/\/deggaelshop.com\/#website","url":"https:\/\/deggaelshop.com\/","name":"Deggael Shop","description":"Deggael Communications","publisher":{"@id":"https:\/\/deggaelshop.com\/#organization"},"alternateName":"Levykauppa | CD-levyt | Kirjat","potentialAction":[{"@type":"SearchAction","target":{"@type":"EntryPoint","urlTemplate":"https:\/\/deggaelshop.com\/?s={search_term_string}"},"query-input":{"@type":"PropertyValueSpecification","valueRequired":true,"valueName":"search_term_string"}}],"inLanguage":"en-US"},{"@type":"Organization","@id":"https:\/\/deggaelshop.com\/#organization","name":"Deggael Communications","alternateName":"Deggael Shop","url":"https:\/\/deggaelshop.com\/","logo":{"@type":"ImageObject","inLanguage":"en-US","@id":"https:\/\/deggaelshop.com\/#\/schema\/logo\/image\/","url":"https:\/\/deggaelshop.com\/wp-content\/uploads\/2023\/07\/deggael-logo-black-1.png","contentUrl":"https:\/\/deggaelshop.com\/wp-content\/uploads\/2023\/07\/deggael-logo-black-1.png","width":2000,"height":700,"caption":"Deggael Communications"},"image":{"@id":"https:\/\/deggaelshop.com\/#\/schema\/logo\/image\/"}}]}},"_links":{"self":[{"href":"https:\/\/deggaelshop.com\/en\/wp-json\/wp\/v2\/product\/706","targetHints":{"allow":["GET"]}}],"collection":[{"href":"https:\/\/deggaelshop.com\/en\/wp-json\/wp\/v2\/product"}],"about":[{"href":"https:\/\/deggaelshop.com\/en\/wp-json\/wp\/v2\/types\/product"}],"wp:featuredmedia":[{"embeddable":true,"href":"https:\/\/deggaelshop.com\/en\/wp-json\/wp\/v2\/media\/715"}],"wp:attachment":[{"href":"https:\/\/deggaelshop.com\/en\/wp-json\/wp\/v2\/media?parent=706"}],"wp:term":[{"taxonomy":"product_brand","embeddable":true,"href":"https:\/\/deggaelshop.com\/en\/wp-json\/wp\/v2\/product_brand?post=706"},{"taxonomy":"product_cat","embeddable":true,"href":"https:\/\/deggaelshop.com\/en\/wp-json\/wp\/v2\/product_cat?post=706"},{"taxonomy":"product_tag","embeddable":true,"href":"https:\/\/deggaelshop.com\/en\/wp-json\/wp\/v2\/product_tag?post=706"}],"curies":[{"name":"wp","href":"https:\/\/api.w.org\/{rel}","templated":true}]}}