{"id":650,"date":"2023-07-31T10:00:36","date_gmt":"2023-07-31T10:00:36","guid":{"rendered":"https:\/\/deggaelshop.com\/?post_type=product&#038;p=650"},"modified":"2024-12-03T10:50:21","modified_gmt":"2024-12-03T10:50:21","slug":"musta-paraati-tavastia-2015-2lp-valkoinen","status":"publish","type":"product","link":"https:\/\/deggaelshop.com\/en\/product\/musta-paraati-tavastia-2015-2lp-valkoinen\/","title":{"rendered":"Musta Paraati : Tavastia 2015, 2LP, valkoinen"},"content":{"rendered":"<h2>Songs<\/h2>\n<p>A1. K\u00e4det 06:42<br \/>\nA2. Muukalainen 02:59<br \/>\nA3. Metalliset kasvot 03:31<br \/>\nA4. Peilitalo 02:56<\/p>\n<p>B1. El\u00e4imen kalu 03:28<br \/>\nB2. Toinen puoli 04:08<br \/>\nB3. Ennustus 04:07<br \/>\nB4. Olet kuva 03:47<\/p>\n<p>C1. Ajatus 04:05<br \/>\nC2. Veitsen Ter\u00e4ll\u00e4 03:42<br \/>\nC3. Nukke 02:39<br \/>\nC4. Uusi musta 03:12<br \/>\nC5. Hyv\u00e4\u00e4 y\u00f6t\u00e4 03:50<\/p>\n<p>D1. Toinen johtaja 04:17<br \/>\nD2. Romanssi 03:56<br \/>\nD3. Uudet juhlat 03:23<br \/>\nD4. Huomisen kuolleet 06:13<\/p>\n<h2>Product information<\/h2>\n<p><strong>EAN:\u00a0<\/strong>6429811042018<br \/>\n<strong>Released:<\/strong> 2023<\/p>","protected":false},"excerpt":{"rendered":"<p>The cult band's unreleased live recording from 2015. Limited edition of 500 copies.<\/p>","protected":false},"featured_media":651,"template":"","meta":[],"product_brand":[],"product_cat":[27,24],"product_tag":[],"class_list":{"0":"post-650","1":"product","2":"type-product","3":"status-publish","4":"has-post-thumbnail","6":"product_cat-lp","7":"product_cat-musiikki","9":"first","10":"instock","11":"taxable","12":"shipping-taxable","13":"purchasable","14":"product-type-simple"},"yoast_head":"<!-- This site is optimized with the Yoast SEO plugin v27.4 - https:\/\/yoast.com\/product\/yoast-seo-wordpress\/ -->\n<title>Musta Paraati : Tavastia 2015, 2LP, valkoinen | DEGGAELSHOP | CD- ja LP-levyt | Kirjat<\/title>\n<meta name=\"robots\" content=\"index, follow, max-snippet:-1, max-image-preview:large, max-video-preview:-1\" \/>\n<link rel=\"canonical\" href=\"https:\/\/deggaelshop.com\/en\/product\/musta-paraati-tavastia-2015-2lp-valkoinen\/\" \/>\n<meta property=\"og:locale\" content=\"en_US\" \/>\n<meta property=\"og:type\" content=\"article\" \/>\n<meta property=\"og:title\" content=\"Musta Paraati : Tavastia 2015, 2LP, valkoinen | DEGGAELSHOP | CD- ja LP-levyt | Kirjat\" \/>\n<meta property=\"og:description\" content=\"Kulttiyhtyeen ennenjulkaisematon livetaltiointi vuodelta 2015. Rajoitettu 500 kappaleen painos.\" \/>\n<meta property=\"og:url\" content=\"https:\/\/deggaelshop.com\/en\/product\/musta-paraati-tavastia-2015-2lp-valkoinen\/\" \/>\n<meta property=\"og:site_name\" content=\"DEGGAELSHOP\" \/>\n<meta property=\"article:modified_time\" content=\"2024-12-03T10:50:21+00:00\" \/>\n<meta property=\"og:image\" content=\"https:\/\/deggaelshop.com\/wp-content\/uploads\/2023\/07\/musta_paraati_lp.jpg\" \/>\n\t<meta property=\"og:image:width\" content=\"1200\" \/>\n\t<meta property=\"og:image:height\" content=\"1200\" \/>\n\t<meta property=\"og:image:type\" content=\"image\/jpeg\" \/>\n<meta name=\"twitter:card\" content=\"summary_large_image\" \/>\n<meta name=\"twitter:label1\" content=\"Est. reading time\" \/>\n\t<meta name=\"twitter:data1\" content=\"1 minute\" \/>\n<script type=\"application\/ld+json\" class=\"yoast-schema-graph\">{\"@context\":\"https:\\\/\\\/schema.org\",\"@graph\":[{\"@type\":\"WebPage\",\"@id\":\"https:\\\/\\\/deggaelshop.com\\\/product\\\/musta-paraati-tavastia-2015-2lp-valkoinen\\\/\",\"url\":\"https:\\\/\\\/deggaelshop.com\\\/product\\\/musta-paraati-tavastia-2015-2lp-valkoinen\\\/\",\"name\":\"Musta Paraati : Tavastia 2015, 2LP, valkoinen | DEGGAELSHOP | CD- ja LP-levyt | Kirjat\",\"isPartOf\":{\"@id\":\"https:\\\/\\\/deggaelshop.com\\\/#website\"},\"primaryImageOfPage\":{\"@id\":\"https:\\\/\\\/deggaelshop.com\\\/product\\\/musta-paraati-tavastia-2015-2lp-valkoinen\\\/#primaryimage\"},\"image\":{\"@id\":\"https:\\\/\\\/deggaelshop.com\\\/product\\\/musta-paraati-tavastia-2015-2lp-valkoinen\\\/#primaryimage\"},\"thumbnailUrl\":\"https:\\\/\\\/deggaelshop.com\\\/wp-content\\\/uploads\\\/2023\\\/07\\\/musta_paraati_lp.jpg\",\"datePublished\":\"2023-07-31T10:00:36+00:00\",\"dateModified\":\"2024-12-03T10:50:21+00:00\",\"breadcrumb\":{\"@id\":\"https:\\\/\\\/deggaelshop.com\\\/product\\\/musta-paraati-tavastia-2015-2lp-valkoinen\\\/#breadcrumb\"},\"inLanguage\":\"en-US\",\"potentialAction\":[{\"@type\":\"ReadAction\",\"target\":[\"https:\\\/\\\/deggaelshop.com\\\/product\\\/musta-paraati-tavastia-2015-2lp-valkoinen\\\/\"]}]},{\"@type\":\"ImageObject\",\"inLanguage\":\"en-US\",\"@id\":\"https:\\\/\\\/deggaelshop.com\\\/product\\\/musta-paraati-tavastia-2015-2lp-valkoinen\\\/#primaryimage\",\"url\":\"https:\\\/\\\/deggaelshop.com\\\/wp-content\\\/uploads\\\/2023\\\/07\\\/musta_paraati_lp.jpg\",\"contentUrl\":\"https:\\\/\\\/deggaelshop.com\\\/wp-content\\\/uploads\\\/2023\\\/07\\\/musta_paraati_lp.jpg\",\"width\":1200,\"height\":1200},{\"@type\":\"BreadcrumbList\",\"@id\":\"https:\\\/\\\/deggaelshop.com\\\/product\\\/musta-paraati-tavastia-2015-2lp-valkoinen\\\/#breadcrumb\",\"itemListElement\":[{\"@type\":\"ListItem\",\"position\":1,\"name\":\"Etusivu\",\"item\":\"https:\\\/\\\/deggaelshop.com\\\/\"},{\"@type\":\"ListItem\",\"position\":2,\"name\":\"Deggael Shop\",\"item\":\"https:\\\/\\\/deggaelshop.com\\\/deggael-shop\\\/\"},{\"@type\":\"ListItem\",\"position\":3,\"name\":\"Musta Paraati : Tavastia 2015, 2LP, valkoinen\"}]},{\"@type\":\"WebSite\",\"@id\":\"https:\\\/\\\/deggaelshop.com\\\/#website\",\"url\":\"https:\\\/\\\/deggaelshop.com\\\/\",\"name\":\"Deggael Shop\",\"description\":\"Deggael Communications\",\"publisher\":{\"@id\":\"https:\\\/\\\/deggaelshop.com\\\/#organization\"},\"alternateName\":\"Levykauppa | CD-levyt | Kirjat\",\"potentialAction\":[{\"@type\":\"SearchAction\",\"target\":{\"@type\":\"EntryPoint\",\"urlTemplate\":\"https:\\\/\\\/deggaelshop.com\\\/?s={search_term_string}\"},\"query-input\":{\"@type\":\"PropertyValueSpecification\",\"valueRequired\":true,\"valueName\":\"search_term_string\"}}],\"inLanguage\":\"en-US\"},{\"@type\":\"Organization\",\"@id\":\"https:\\\/\\\/deggaelshop.com\\\/#organization\",\"name\":\"Deggael Communications\",\"alternateName\":\"Deggael Shop\",\"url\":\"https:\\\/\\\/deggaelshop.com\\\/\",\"logo\":{\"@type\":\"ImageObject\",\"inLanguage\":\"en-US\",\"@id\":\"https:\\\/\\\/deggaelshop.com\\\/#\\\/schema\\\/logo\\\/image\\\/\",\"url\":\"https:\\\/\\\/deggaelshop.com\\\/wp-content\\\/uploads\\\/2023\\\/07\\\/deggael-logo-black-1.png\",\"contentUrl\":\"https:\\\/\\\/deggaelshop.com\\\/wp-content\\\/uploads\\\/2023\\\/07\\\/deggael-logo-black-1.png\",\"width\":2000,\"height\":700,\"caption\":\"Deggael Communications\"},\"image\":{\"@id\":\"https:\\\/\\\/deggaelshop.com\\\/#\\\/schema\\\/logo\\\/image\\\/\"}}]}<\/script>\n<!-- \/ Yoast SEO plugin. -->","yoast_head_json":{"title":"Musta Paraati : Tavastia 2015, 2LP, valkoinen | DEGGAELSHOP | CD- ja LP-levyt | Kirjat","robots":{"index":"index","follow":"follow","max-snippet":"max-snippet:-1","max-image-preview":"max-image-preview:large","max-video-preview":"max-video-preview:-1"},"canonical":"https:\/\/deggaelshop.com\/en\/product\/musta-paraati-tavastia-2015-2lp-valkoinen\/","og_locale":"en_US","og_type":"article","og_title":"Musta Paraati : Tavastia 2015, 2LP, valkoinen | DEGGAELSHOP | CD- ja LP-levyt | Kirjat","og_description":"Kulttiyhtyeen ennenjulkaisematon livetaltiointi vuodelta 2015. Rajoitettu 500 kappaleen painos.","og_url":"https:\/\/deggaelshop.com\/en\/product\/musta-paraati-tavastia-2015-2lp-valkoinen\/","og_site_name":"DEGGAELSHOP","article_modified_time":"2024-12-03T10:50:21+00:00","og_image":[{"width":1200,"height":1200,"url":"https:\/\/deggaelshop.com\/wp-content\/uploads\/2023\/07\/musta_paraati_lp.jpg","type":"image\/jpeg"}],"twitter_card":"summary_large_image","twitter_misc":{"Est. reading time":"1 minute"},"schema":{"@context":"https:\/\/schema.org","@graph":[{"@type":"WebPage","@id":"https:\/\/deggaelshop.com\/product\/musta-paraati-tavastia-2015-2lp-valkoinen\/","url":"https:\/\/deggaelshop.com\/product\/musta-paraati-tavastia-2015-2lp-valkoinen\/","name":"Musta Paraati : Tavastia 2015, 2LP, valkoinen | DEGGAELSHOP | CD- ja LP-levyt | Kirjat","isPartOf":{"@id":"https:\/\/deggaelshop.com\/#website"},"primaryImageOfPage":{"@id":"https:\/\/deggaelshop.com\/product\/musta-paraati-tavastia-2015-2lp-valkoinen\/#primaryimage"},"image":{"@id":"https:\/\/deggaelshop.com\/product\/musta-paraati-tavastia-2015-2lp-valkoinen\/#primaryimage"},"thumbnailUrl":"https:\/\/deggaelshop.com\/wp-content\/uploads\/2023\/07\/musta_paraati_lp.jpg","datePublished":"2023-07-31T10:00:36+00:00","dateModified":"2024-12-03T10:50:21+00:00","breadcrumb":{"@id":"https:\/\/deggaelshop.com\/product\/musta-paraati-tavastia-2015-2lp-valkoinen\/#breadcrumb"},"inLanguage":"en-US","potentialAction":[{"@type":"ReadAction","target":["https:\/\/deggaelshop.com\/product\/musta-paraati-tavastia-2015-2lp-valkoinen\/"]}]},{"@type":"ImageObject","inLanguage":"en-US","@id":"https:\/\/deggaelshop.com\/product\/musta-paraati-tavastia-2015-2lp-valkoinen\/#primaryimage","url":"https:\/\/deggaelshop.com\/wp-content\/uploads\/2023\/07\/musta_paraati_lp.jpg","contentUrl":"https:\/\/deggaelshop.com\/wp-content\/uploads\/2023\/07\/musta_paraati_lp.jpg","width":1200,"height":1200},{"@type":"BreadcrumbList","@id":"https:\/\/deggaelshop.com\/product\/musta-paraati-tavastia-2015-2lp-valkoinen\/#breadcrumb","itemListElement":[{"@type":"ListItem","position":1,"name":"Etusivu","item":"https:\/\/deggaelshop.com\/"},{"@type":"ListItem","position":2,"name":"Deggael Shop","item":"https:\/\/deggaelshop.com\/deggael-shop\/"},{"@type":"ListItem","position":3,"name":"Musta Paraati : Tavastia 2015, 2LP, valkoinen"}]},{"@type":"WebSite","@id":"https:\/\/deggaelshop.com\/#website","url":"https:\/\/deggaelshop.com\/","name":"Deggael Shop","description":"Deggael Communications","publisher":{"@id":"https:\/\/deggaelshop.com\/#organization"},"alternateName":"Levykauppa | CD-levyt | Kirjat","potentialAction":[{"@type":"SearchAction","target":{"@type":"EntryPoint","urlTemplate":"https:\/\/deggaelshop.com\/?s={search_term_string}"},"query-input":{"@type":"PropertyValueSpecification","valueRequired":true,"valueName":"search_term_string"}}],"inLanguage":"en-US"},{"@type":"Organization","@id":"https:\/\/deggaelshop.com\/#organization","name":"Deggael Communications","alternateName":"Deggael Shop","url":"https:\/\/deggaelshop.com\/","logo":{"@type":"ImageObject","inLanguage":"en-US","@id":"https:\/\/deggaelshop.com\/#\/schema\/logo\/image\/","url":"https:\/\/deggaelshop.com\/wp-content\/uploads\/2023\/07\/deggael-logo-black-1.png","contentUrl":"https:\/\/deggaelshop.com\/wp-content\/uploads\/2023\/07\/deggael-logo-black-1.png","width":2000,"height":700,"caption":"Deggael Communications"},"image":{"@id":"https:\/\/deggaelshop.com\/#\/schema\/logo\/image\/"}}]}},"_links":{"self":[{"href":"https:\/\/deggaelshop.com\/en\/wp-json\/wp\/v2\/product\/650","targetHints":{"allow":["GET"]}}],"collection":[{"href":"https:\/\/deggaelshop.com\/en\/wp-json\/wp\/v2\/product"}],"about":[{"href":"https:\/\/deggaelshop.com\/en\/wp-json\/wp\/v2\/types\/product"}],"wp:featuredmedia":[{"embeddable":true,"href":"https:\/\/deggaelshop.com\/en\/wp-json\/wp\/v2\/media\/651"}],"wp:attachment":[{"href":"https:\/\/deggaelshop.com\/en\/wp-json\/wp\/v2\/media?parent=650"}],"wp:term":[{"taxonomy":"product_brand","embeddable":true,"href":"https:\/\/deggaelshop.com\/en\/wp-json\/wp\/v2\/product_brand?post=650"},{"taxonomy":"product_cat","embeddable":true,"href":"https:\/\/deggaelshop.com\/en\/wp-json\/wp\/v2\/product_cat?post=650"},{"taxonomy":"product_tag","embeddable":true,"href":"https:\/\/deggaelshop.com\/en\/wp-json\/wp\/v2\/product_tag?post=650"}],"curies":[{"name":"wp","href":"https:\/\/api.w.org\/{rel}","templated":true}]}}