{"id":517,"date":"2023-04-30T19:05:14","date_gmt":"2023-04-30T19:05:14","guid":{"rendered":"https:\/\/deggaelshop.com\/?post_type=product&#038;p=517"},"modified":"2024-12-03T10:51:55","modified_gmt":"2024-12-03T10:51:55","slug":"timo-rautiainen-ville-ojanen-cd","status":"publish","type":"product","link":"https:\/\/deggaelshop.com\/en\/product\/timo-rautiainen-ville-ojanen-cd\/","title":{"rendered":"Timo Rautiainen &#038; Ville Ojanen : CD"},"content":{"rendered":"<div id=\"long-description\">\n<h2>Songs<\/h2>\n<div id=\"long-description\">\n<p>1. \u00c4k\u00e4slompoloon!<br \/>\n2. Hurja luonto<br \/>\n3. Hallin Janne<br \/>\n4. Konsta k\u00e4sivarressa<br \/>\n5. L\u00f6ytynyt ei tillikkaa<br \/>\n6. Kulmahuikkien kuninkaat<br \/>\n7. Ty\u00f6tt\u00f6m\u00e4n ty\u00f6laulu<br \/>\n8. Kylpyl\u00e4saaren A-oikeudet<br \/>\n9. L\u00e4nnen maat<br \/>\n10. Selv\u00e4 Pyy -valssi<\/p>\n<\/div>\n<\/div>\n<div id=\"product-information\" class=\"row\">\n<div id=\"header\" class=\"col-xs-12\">\n<h2>Product information<\/h2>\n<p><strong>EAN:\u00a0<\/strong>6417871020046<\/p>\n<p><strong>Released: <\/strong>2022<\/p>\n<\/div>\n<\/div>","protected":false},"excerpt":{"rendered":"<p>Modernin kansanmusiikin miesten Timo Rautiaisen ja Ville Ojasen yhteisalbumi.<\/p>","protected":false},"featured_media":518,"template":"","meta":[],"product_brand":[],"product_cat":[26,24],"product_tag":[],"class_list":{"0":"post-517","1":"product","2":"type-product","3":"status-publish","4":"has-post-thumbnail","6":"product_cat-cd","7":"product_cat-musiikki","9":"first","10":"outofstock","11":"taxable","12":"shipping-taxable","13":"purchasable","14":"product-type-simple"},"yoast_head":"<!-- This site is optimized with the Yoast SEO plugin v27.4 - https:\/\/yoast.com\/product\/yoast-seo-wordpress\/ -->\n<title>Timo Rautiainen &amp; Ville Ojanen : CD | DEGGAELSHOP | CD- ja LP-levyt | Kirjat<\/title>\n<meta name=\"robots\" content=\"index, follow, max-snippet:-1, max-image-preview:large, max-video-preview:-1\" \/>\n<link rel=\"canonical\" href=\"https:\/\/deggaelshop.com\/en\/product\/timo-rautiainen-ville-ojanen-cd\/\" \/>\n<meta property=\"og:locale\" content=\"en_US\" \/>\n<meta property=\"og:type\" content=\"article\" \/>\n<meta property=\"og:title\" content=\"Timo Rautiainen &amp; Ville Ojanen : CD | DEGGAELSHOP | CD- ja LP-levyt | Kirjat\" \/>\n<meta property=\"og:description\" content=\"Modernin kansanmusiikin miesten Timo Rautiaisen ja Ville Ojasen yhteisalbumi.\" \/>\n<meta property=\"og:url\" content=\"https:\/\/deggaelshop.com\/en\/product\/timo-rautiainen-ville-ojanen-cd\/\" \/>\n<meta property=\"og:site_name\" content=\"DEGGAELSHOP\" \/>\n<meta property=\"article:modified_time\" content=\"2024-12-03T10:51:55+00:00\" \/>\n<meta property=\"og:image\" content=\"https:\/\/deggaelshop.com\/wp-content\/uploads\/2023\/07\/timo-rautiainen-ville-ojanen-cd-1.png\" \/>\n\t<meta property=\"og:image:width\" content=\"1198\" \/>\n\t<meta property=\"og:image:height\" content=\"1198\" \/>\n\t<meta property=\"og:image:type\" content=\"image\/png\" \/>\n<meta name=\"twitter:card\" content=\"summary_large_image\" \/>\n<meta name=\"twitter:label1\" content=\"Est. reading time\" \/>\n\t<meta name=\"twitter:data1\" content=\"1 minute\" \/>\n<script type=\"application\/ld+json\" class=\"yoast-schema-graph\">{\"@context\":\"https:\\\/\\\/schema.org\",\"@graph\":[{\"@type\":\"WebPage\",\"@id\":\"https:\\\/\\\/deggaelshop.com\\\/product\\\/timo-rautiainen-ville-ojanen-cd\\\/\",\"url\":\"https:\\\/\\\/deggaelshop.com\\\/product\\\/timo-rautiainen-ville-ojanen-cd\\\/\",\"name\":\"Timo Rautiainen & Ville Ojanen : CD | DEGGAELSHOP | CD- ja LP-levyt | Kirjat\",\"isPartOf\":{\"@id\":\"https:\\\/\\\/deggaelshop.com\\\/#website\"},\"primaryImageOfPage\":{\"@id\":\"https:\\\/\\\/deggaelshop.com\\\/product\\\/timo-rautiainen-ville-ojanen-cd\\\/#primaryimage\"},\"image\":{\"@id\":\"https:\\\/\\\/deggaelshop.com\\\/product\\\/timo-rautiainen-ville-ojanen-cd\\\/#primaryimage\"},\"thumbnailUrl\":\"https:\\\/\\\/deggaelshop.com\\\/wp-content\\\/uploads\\\/2023\\\/07\\\/timo-rautiainen-ville-ojanen-cd-1.png\",\"datePublished\":\"2023-04-30T19:05:14+00:00\",\"dateModified\":\"2024-12-03T10:51:55+00:00\",\"breadcrumb\":{\"@id\":\"https:\\\/\\\/deggaelshop.com\\\/product\\\/timo-rautiainen-ville-ojanen-cd\\\/#breadcrumb\"},\"inLanguage\":\"en-US\",\"potentialAction\":[{\"@type\":\"ReadAction\",\"target\":[\"https:\\\/\\\/deggaelshop.com\\\/product\\\/timo-rautiainen-ville-ojanen-cd\\\/\"]}]},{\"@type\":\"ImageObject\",\"inLanguage\":\"en-US\",\"@id\":\"https:\\\/\\\/deggaelshop.com\\\/product\\\/timo-rautiainen-ville-ojanen-cd\\\/#primaryimage\",\"url\":\"https:\\\/\\\/deggaelshop.com\\\/wp-content\\\/uploads\\\/2023\\\/07\\\/timo-rautiainen-ville-ojanen-cd-1.png\",\"contentUrl\":\"https:\\\/\\\/deggaelshop.com\\\/wp-content\\\/uploads\\\/2023\\\/07\\\/timo-rautiainen-ville-ojanen-cd-1.png\",\"width\":1198,\"height\":1198},{\"@type\":\"BreadcrumbList\",\"@id\":\"https:\\\/\\\/deggaelshop.com\\\/product\\\/timo-rautiainen-ville-ojanen-cd\\\/#breadcrumb\",\"itemListElement\":[{\"@type\":\"ListItem\",\"position\":1,\"name\":\"Etusivu\",\"item\":\"https:\\\/\\\/deggaelshop.com\\\/\"},{\"@type\":\"ListItem\",\"position\":2,\"name\":\"Deggael Shop\",\"item\":\"https:\\\/\\\/deggaelshop.com\\\/deggael-shop\\\/\"},{\"@type\":\"ListItem\",\"position\":3,\"name\":\"Timo Rautiainen &#038; Ville Ojanen : CD\"}]},{\"@type\":\"WebSite\",\"@id\":\"https:\\\/\\\/deggaelshop.com\\\/#website\",\"url\":\"https:\\\/\\\/deggaelshop.com\\\/\",\"name\":\"Deggael Shop\",\"description\":\"Deggael Communications\",\"publisher\":{\"@id\":\"https:\\\/\\\/deggaelshop.com\\\/#organization\"},\"alternateName\":\"Levykauppa | CD-levyt | Kirjat\",\"potentialAction\":[{\"@type\":\"SearchAction\",\"target\":{\"@type\":\"EntryPoint\",\"urlTemplate\":\"https:\\\/\\\/deggaelshop.com\\\/?s={search_term_string}\"},\"query-input\":{\"@type\":\"PropertyValueSpecification\",\"valueRequired\":true,\"valueName\":\"search_term_string\"}}],\"inLanguage\":\"en-US\"},{\"@type\":\"Organization\",\"@id\":\"https:\\\/\\\/deggaelshop.com\\\/#organization\",\"name\":\"Deggael Communications\",\"alternateName\":\"Deggael Shop\",\"url\":\"https:\\\/\\\/deggaelshop.com\\\/\",\"logo\":{\"@type\":\"ImageObject\",\"inLanguage\":\"en-US\",\"@id\":\"https:\\\/\\\/deggaelshop.com\\\/#\\\/schema\\\/logo\\\/image\\\/\",\"url\":\"https:\\\/\\\/deggaelshop.com\\\/wp-content\\\/uploads\\\/2023\\\/07\\\/deggael-logo-black-1.png\",\"contentUrl\":\"https:\\\/\\\/deggaelshop.com\\\/wp-content\\\/uploads\\\/2023\\\/07\\\/deggael-logo-black-1.png\",\"width\":2000,\"height\":700,\"caption\":\"Deggael Communications\"},\"image\":{\"@id\":\"https:\\\/\\\/deggaelshop.com\\\/#\\\/schema\\\/logo\\\/image\\\/\"}}]}<\/script>\n<!-- \/ Yoast SEO plugin. -->","yoast_head_json":{"title":"Timo Rautiainen & Ville Ojanen : CD | DEGGAELSHOP | CD- ja LP-levyt | Kirjat","robots":{"index":"index","follow":"follow","max-snippet":"max-snippet:-1","max-image-preview":"max-image-preview:large","max-video-preview":"max-video-preview:-1"},"canonical":"https:\/\/deggaelshop.com\/en\/product\/timo-rautiainen-ville-ojanen-cd\/","og_locale":"en_US","og_type":"article","og_title":"Timo Rautiainen & Ville Ojanen : CD | DEGGAELSHOP | CD- ja LP-levyt | Kirjat","og_description":"Modernin kansanmusiikin miesten Timo Rautiaisen ja Ville Ojasen yhteisalbumi.","og_url":"https:\/\/deggaelshop.com\/en\/product\/timo-rautiainen-ville-ojanen-cd\/","og_site_name":"DEGGAELSHOP","article_modified_time":"2024-12-03T10:51:55+00:00","og_image":[{"width":1198,"height":1198,"url":"https:\/\/deggaelshop.com\/wp-content\/uploads\/2023\/07\/timo-rautiainen-ville-ojanen-cd-1.png","type":"image\/png"}],"twitter_card":"summary_large_image","twitter_misc":{"Est. reading time":"1 minute"},"schema":{"@context":"https:\/\/schema.org","@graph":[{"@type":"WebPage","@id":"https:\/\/deggaelshop.com\/product\/timo-rautiainen-ville-ojanen-cd\/","url":"https:\/\/deggaelshop.com\/product\/timo-rautiainen-ville-ojanen-cd\/","name":"Timo Rautiainen & Ville Ojanen : CD | DEGGAELSHOP | CD- ja LP-levyt | Kirjat","isPartOf":{"@id":"https:\/\/deggaelshop.com\/#website"},"primaryImageOfPage":{"@id":"https:\/\/deggaelshop.com\/product\/timo-rautiainen-ville-ojanen-cd\/#primaryimage"},"image":{"@id":"https:\/\/deggaelshop.com\/product\/timo-rautiainen-ville-ojanen-cd\/#primaryimage"},"thumbnailUrl":"https:\/\/deggaelshop.com\/wp-content\/uploads\/2023\/07\/timo-rautiainen-ville-ojanen-cd-1.png","datePublished":"2023-04-30T19:05:14+00:00","dateModified":"2024-12-03T10:51:55+00:00","breadcrumb":{"@id":"https:\/\/deggaelshop.com\/product\/timo-rautiainen-ville-ojanen-cd\/#breadcrumb"},"inLanguage":"en-US","potentialAction":[{"@type":"ReadAction","target":["https:\/\/deggaelshop.com\/product\/timo-rautiainen-ville-ojanen-cd\/"]}]},{"@type":"ImageObject","inLanguage":"en-US","@id":"https:\/\/deggaelshop.com\/product\/timo-rautiainen-ville-ojanen-cd\/#primaryimage","url":"https:\/\/deggaelshop.com\/wp-content\/uploads\/2023\/07\/timo-rautiainen-ville-ojanen-cd-1.png","contentUrl":"https:\/\/deggaelshop.com\/wp-content\/uploads\/2023\/07\/timo-rautiainen-ville-ojanen-cd-1.png","width":1198,"height":1198},{"@type":"BreadcrumbList","@id":"https:\/\/deggaelshop.com\/product\/timo-rautiainen-ville-ojanen-cd\/#breadcrumb","itemListElement":[{"@type":"ListItem","position":1,"name":"Etusivu","item":"https:\/\/deggaelshop.com\/"},{"@type":"ListItem","position":2,"name":"Deggael Shop","item":"https:\/\/deggaelshop.com\/deggael-shop\/"},{"@type":"ListItem","position":3,"name":"Timo Rautiainen &#038; Ville Ojanen : CD"}]},{"@type":"WebSite","@id":"https:\/\/deggaelshop.com\/#website","url":"https:\/\/deggaelshop.com\/","name":"Deggael Shop","description":"Deggael Communications","publisher":{"@id":"https:\/\/deggaelshop.com\/#organization"},"alternateName":"Levykauppa | CD-levyt | Kirjat","potentialAction":[{"@type":"SearchAction","target":{"@type":"EntryPoint","urlTemplate":"https:\/\/deggaelshop.com\/?s={search_term_string}"},"query-input":{"@type":"PropertyValueSpecification","valueRequired":true,"valueName":"search_term_string"}}],"inLanguage":"en-US"},{"@type":"Organization","@id":"https:\/\/deggaelshop.com\/#organization","name":"Deggael Communications","alternateName":"Deggael Shop","url":"https:\/\/deggaelshop.com\/","logo":{"@type":"ImageObject","inLanguage":"en-US","@id":"https:\/\/deggaelshop.com\/#\/schema\/logo\/image\/","url":"https:\/\/deggaelshop.com\/wp-content\/uploads\/2023\/07\/deggael-logo-black-1.png","contentUrl":"https:\/\/deggaelshop.com\/wp-content\/uploads\/2023\/07\/deggael-logo-black-1.png","width":2000,"height":700,"caption":"Deggael Communications"},"image":{"@id":"https:\/\/deggaelshop.com\/#\/schema\/logo\/image\/"}}]}},"_links":{"self":[{"href":"https:\/\/deggaelshop.com\/en\/wp-json\/wp\/v2\/product\/517","targetHints":{"allow":["GET"]}}],"collection":[{"href":"https:\/\/deggaelshop.com\/en\/wp-json\/wp\/v2\/product"}],"about":[{"href":"https:\/\/deggaelshop.com\/en\/wp-json\/wp\/v2\/types\/product"}],"wp:featuredmedia":[{"embeddable":true,"href":"https:\/\/deggaelshop.com\/en\/wp-json\/wp\/v2\/media\/518"}],"wp:attachment":[{"href":"https:\/\/deggaelshop.com\/en\/wp-json\/wp\/v2\/media?parent=517"}],"wp:term":[{"taxonomy":"product_brand","embeddable":true,"href":"https:\/\/deggaelshop.com\/en\/wp-json\/wp\/v2\/product_brand?post=517"},{"taxonomy":"product_cat","embeddable":true,"href":"https:\/\/deggaelshop.com\/en\/wp-json\/wp\/v2\/product_cat?post=517"},{"taxonomy":"product_tag","embeddable":true,"href":"https:\/\/deggaelshop.com\/en\/wp-json\/wp\/v2\/product_tag?post=517"}],"curies":[{"name":"wp","href":"https:\/\/api.w.org\/{rel}","templated":true}]}}