{"id":268,"date":"2023-01-13T21:50:14","date_gmt":"2023-01-13T21:50:14","guid":{"rendered":"https:\/\/deggaelshop.com\/?post_type=product&#038;p=268"},"modified":"2025-05-22T09:20:55","modified_gmt":"2025-05-22T09:20:55","slug":"euthanasia-rymykorpi-the-complete-recordings-1986-1989","status":"publish","type":"product","link":"https:\/\/deggaelshop.com\/en\/product\/euthanasia-rymykorpi-the-complete-recordings-1986-1989\/","title":{"rendered":"Euthanasia : Rymykorpi the complete recordings 1986-1989 2CD"},"content":{"rendered":"<div id=\"long-description\">\n<h2>Songs<\/h2>\n<h3>CD1:<\/h3>\n<p><strong><span class=\"caps\">DEMO<\/span> (<span class=\"caps\">NURMIKATU<\/span> 10\/86):<\/strong><\/p>\n<p>1. <span class=\"caps\">CCCP<\/span> (Stolishnaja Hojo)<br \/>\n2. Naapurini on kyyl\u00e4<br \/>\n3. Mies 2000<br \/>\n4. Videonsaantipakko<br \/>\n5. Martat pois bingoista<br \/>\n6. U.K.K.<br \/>\n7. Liimaa<br \/>\n8. Suljetun osaston ylpeys<br \/>\n9. Soppaa<br \/>\n10. Sukurutsaus<br \/>\n11. Kaunis snobipoika<br \/>\n12. Astutan koiraa<br \/>\n13. Ty\u00f6t\u00f6n suuri punkkari<\/p>\n<p><strong><span class=\"caps\">\u00d6L\u00d6RIEFOT<\/span> <span class=\"caps\">PUTKOSESSA<\/span>, <span class=\"caps\">KEMORY\u00d6L\u00d6T<\/span> <span class=\"caps\">KABINESSA<\/span> \u2013 EP (1987):<\/strong><\/p>\n<p>14. Martat pois bingoista<br \/>\n15. Ulosottomies<br \/>\n16. Mies 2000<br \/>\n17. O.V.J.H.R.<br \/>\n18. Liity joukkoon<br \/>\n19. Rakkautta huokuu maa<br \/>\n20. Astutan koiraa<br \/>\n21. Ergosong<br \/>\n22. Videonsaantipakko<br \/>\n23. Robinson Crusoen huono-onnisempi haaksirikko<br \/>\n24. Ty\u00f6t\u00f6n suuri punkkari<\/p>\n<p><strong><span class=\"caps\">TURPA<\/span> <span class=\"caps\">UMPEEN<\/span>, <span class=\"caps\">USKOVAINEN<\/span> &#8211;<span class=\"caps\">DEMO<\/span> (1987):<\/strong><\/p>\n<p>25. Lumi teki enkelin eteiseen<br \/>\n26. Joulu peruutettu<br \/>\n27. Ergosong<br \/>\n28. Ylivieskan nuijamiehet<br \/>\n29. Materialisti<br \/>\n30. O.V.J.H.R.<br \/>\n31. Ulosottomies<\/p>\n<h3>CD2:<\/h3>\n<p><strong><span class=\"caps\">\u00c4MP\u00c4RI<\/span> <span class=\"caps\">P\u00c4\u00c4SS\u00c4<\/span> <span class=\"caps\">PY\u00d6R\u00c4NKUMIA<\/span> <span class=\"caps\">PUMPPAA<\/span> &#8211;<span class=\"caps\">KASETTI<\/span>-LP (1988):<\/strong><\/p>\n<p>\u00c4mp\u00e4rip\u00e4inen kostaja<br \/>\nVideonsaantipakko<br \/>\nPolta Adidakses<br \/>\nLahja<br \/>\nLiity joukkoon<br \/>\nPetturi kattoni alla<br \/>\nP\u00e4\u00e4 r\u00e4j\u00e4ht\u00e4\u00e4<br \/>\nValaistus<br \/>\nMaterialisti<br \/>\nKenraali Gaylord<br \/>\nPeniksennappaaja perunakellarissa<br \/>\nJeesuksen vararikko<br \/>\nPimeyden valtias<br \/>\nNaapurini on kyyl\u00e4<br \/>\nRobinson Crusoen huono-onnisempi haaksirikko<br \/>\nPerhe on saha<br \/>\nLappiin Lappiin<\/p>\n<p><strong><span class=\"caps\">HARDCOREN<\/span> <span class=\"caps\">HAJULUKOT<\/span> &#8211;<span class=\"caps\">DEMO<\/span> (1989):<\/strong><\/p>\n<p>18. Hyv\u00e4stit j\u00e4senille<br \/>\n19. Uraputki<br \/>\n20. Kiitos, l\u00e4\u00e4ketiede<br \/>\n21. Ven\u00e4l\u00e4inen heviletti<br \/>\n22. Sulo, soppaa!<br \/>\n23. Liekehtiv\u00e4t muodot<\/p>\n<\/div>\n<div id=\"product-information\" class=\"row\">\n<div id=\"header\" class=\"col-xs-12\">\n<h2>Product information<\/h2>\n<p><strong>EAN: <\/strong>6430035389865<\/p>\n<p><strong>Released:<\/strong>2009\/2017<\/p>\n<\/div>\n<\/div>","protected":false},"excerpt":{"rendered":"<p>The complete works of Euthanasia from the years 1986\u201389.<\/p>","protected":false},"featured_media":269,"template":"","meta":[],"product_brand":[],"product_cat":[26,24],"product_tag":[],"class_list":{"0":"post-268","1":"product","2":"type-product","3":"status-publish","4":"has-post-thumbnail","6":"product_cat-cd","7":"product_cat-musiikki","9":"first","10":"instock","11":"taxable","12":"shipping-taxable","13":"purchasable","14":"product-type-simple"},"yoast_head":"<!-- This site is optimized with the Yoast SEO plugin v27.4 - https:\/\/yoast.com\/product\/yoast-seo-wordpress\/ -->\n<title>Euthanasia : Rymykorpi the complete recordings 1986-1989 2CD | DEGGAELSHOP | Levykauppa | CD | LP | Kirjat<\/title>\n<meta name=\"robots\" content=\"index, follow, max-snippet:-1, max-image-preview:large, max-video-preview:-1\" \/>\n<link rel=\"canonical\" href=\"https:\/\/deggaelshop.com\/en\/product\/euthanasia-rymykorpi-the-complete-recordings-1986-1989\/\" \/>\n<meta property=\"og:locale\" content=\"en_US\" \/>\n<meta property=\"og:type\" content=\"article\" \/>\n<meta property=\"og:title\" content=\"Euthanasia : Rymykorpi the complete recordings 1986-1989 2CD | DEGGAELSHOP | Levykauppa | CD | LP | Kirjat\" \/>\n<meta property=\"og:description\" content=\"Euthanasian koko tuotanto vuosilta 1986\u201389.\" \/>\n<meta property=\"og:url\" content=\"https:\/\/deggaelshop.com\/en\/product\/euthanasia-rymykorpi-the-complete-recordings-1986-1989\/\" \/>\n<meta property=\"og:site_name\" content=\"DEGGAELSHOP\" \/>\n<meta property=\"article:modified_time\" content=\"2025-05-22T09:20:55+00:00\" \/>\n<meta property=\"og:image\" content=\"https:\/\/deggaelshop.com\/wp-content\/uploads\/2023\/07\/euthanasia-rymykorpi-1.jpg\" \/>\n\t<meta property=\"og:image:width\" content=\"600\" \/>\n\t<meta property=\"og:image:height\" content=\"609\" \/>\n\t<meta property=\"og:image:type\" content=\"image\/jpeg\" \/>\n<meta name=\"twitter:card\" content=\"summary_large_image\" \/>\n<meta name=\"twitter:label1\" content=\"Est. reading time\" \/>\n\t<meta name=\"twitter:data1\" content=\"2 minutes\" \/>\n<script type=\"application\/ld+json\" class=\"yoast-schema-graph\">{\"@context\":\"https:\\\/\\\/schema.org\",\"@graph\":[{\"@type\":\"WebPage\",\"@id\":\"https:\\\/\\\/deggaelshop.com\\\/product\\\/euthanasia-rymykorpi-the-complete-recordings-1986-1989\\\/\",\"url\":\"https:\\\/\\\/deggaelshop.com\\\/product\\\/euthanasia-rymykorpi-the-complete-recordings-1986-1989\\\/\",\"name\":\"Euthanasia : Rymykorpi the complete recordings 1986-1989 2CD | DEGGAELSHOP | Levykauppa | CD | LP | Kirjat\",\"isPartOf\":{\"@id\":\"https:\\\/\\\/deggaelshop.com\\\/#website\"},\"primaryImageOfPage\":{\"@id\":\"https:\\\/\\\/deggaelshop.com\\\/product\\\/euthanasia-rymykorpi-the-complete-recordings-1986-1989\\\/#primaryimage\"},\"image\":{\"@id\":\"https:\\\/\\\/deggaelshop.com\\\/product\\\/euthanasia-rymykorpi-the-complete-recordings-1986-1989\\\/#primaryimage\"},\"thumbnailUrl\":\"https:\\\/\\\/deggaelshop.com\\\/wp-content\\\/uploads\\\/2023\\\/07\\\/euthanasia-rymykorpi-1.jpg\",\"datePublished\":\"2023-01-13T21:50:14+00:00\",\"dateModified\":\"2025-05-22T09:20:55+00:00\",\"breadcrumb\":{\"@id\":\"https:\\\/\\\/deggaelshop.com\\\/product\\\/euthanasia-rymykorpi-the-complete-recordings-1986-1989\\\/#breadcrumb\"},\"inLanguage\":\"en-US\",\"potentialAction\":[{\"@type\":\"ReadAction\",\"target\":[\"https:\\\/\\\/deggaelshop.com\\\/product\\\/euthanasia-rymykorpi-the-complete-recordings-1986-1989\\\/\"]}]},{\"@type\":\"ImageObject\",\"inLanguage\":\"en-US\",\"@id\":\"https:\\\/\\\/deggaelshop.com\\\/product\\\/euthanasia-rymykorpi-the-complete-recordings-1986-1989\\\/#primaryimage\",\"url\":\"https:\\\/\\\/deggaelshop.com\\\/wp-content\\\/uploads\\\/2023\\\/07\\\/euthanasia-rymykorpi-1.jpg\",\"contentUrl\":\"https:\\\/\\\/deggaelshop.com\\\/wp-content\\\/uploads\\\/2023\\\/07\\\/euthanasia-rymykorpi-1.jpg\",\"width\":600,\"height\":609},{\"@type\":\"BreadcrumbList\",\"@id\":\"https:\\\/\\\/deggaelshop.com\\\/product\\\/euthanasia-rymykorpi-the-complete-recordings-1986-1989\\\/#breadcrumb\",\"itemListElement\":[{\"@type\":\"ListItem\",\"position\":1,\"name\":\"Etusivu\",\"item\":\"https:\\\/\\\/deggaelshop.com\\\/\"},{\"@type\":\"ListItem\",\"position\":2,\"name\":\"Deggael Shop\",\"item\":\"https:\\\/\\\/deggaelshop.com\\\/deggael-shop\\\/\"},{\"@type\":\"ListItem\",\"position\":3,\"name\":\"Euthanasia : Rymykorpi the complete recordings 1986-1989 2CD\"}]},{\"@type\":\"WebSite\",\"@id\":\"https:\\\/\\\/deggaelshop.com\\\/#website\",\"url\":\"https:\\\/\\\/deggaelshop.com\\\/\",\"name\":\"Deggael Shop\",\"description\":\"Deggael Communications\",\"publisher\":{\"@id\":\"https:\\\/\\\/deggaelshop.com\\\/#organization\"},\"alternateName\":\"Levykauppa | CD-levyt | Kirjat\",\"potentialAction\":[{\"@type\":\"SearchAction\",\"target\":{\"@type\":\"EntryPoint\",\"urlTemplate\":\"https:\\\/\\\/deggaelshop.com\\\/?s={search_term_string}\"},\"query-input\":{\"@type\":\"PropertyValueSpecification\",\"valueRequired\":true,\"valueName\":\"search_term_string\"}}],\"inLanguage\":\"en-US\"},{\"@type\":\"Organization\",\"@id\":\"https:\\\/\\\/deggaelshop.com\\\/#organization\",\"name\":\"Deggael Communications\",\"alternateName\":\"Deggael Shop\",\"url\":\"https:\\\/\\\/deggaelshop.com\\\/\",\"logo\":{\"@type\":\"ImageObject\",\"inLanguage\":\"en-US\",\"@id\":\"https:\\\/\\\/deggaelshop.com\\\/#\\\/schema\\\/logo\\\/image\\\/\",\"url\":\"https:\\\/\\\/deggaelshop.com\\\/wp-content\\\/uploads\\\/2023\\\/07\\\/deggael-logo-black-1.png\",\"contentUrl\":\"https:\\\/\\\/deggaelshop.com\\\/wp-content\\\/uploads\\\/2023\\\/07\\\/deggael-logo-black-1.png\",\"width\":2000,\"height\":700,\"caption\":\"Deggael Communications\"},\"image\":{\"@id\":\"https:\\\/\\\/deggaelshop.com\\\/#\\\/schema\\\/logo\\\/image\\\/\"}}]}<\/script>\n<!-- \/ Yoast SEO plugin. -->","yoast_head_json":{"title":"Euthanasia : Rymykorpi the complete recordings 1986-1989 2CD | DEGGAELSHOP | Levykauppa | CD | LP | Kirjat","robots":{"index":"index","follow":"follow","max-snippet":"max-snippet:-1","max-image-preview":"max-image-preview:large","max-video-preview":"max-video-preview:-1"},"canonical":"https:\/\/deggaelshop.com\/en\/product\/euthanasia-rymykorpi-the-complete-recordings-1986-1989\/","og_locale":"en_US","og_type":"article","og_title":"Euthanasia : Rymykorpi the complete recordings 1986-1989 2CD | DEGGAELSHOP | Levykauppa | CD | LP | Kirjat","og_description":"Euthanasian koko tuotanto vuosilta 1986\u201389.","og_url":"https:\/\/deggaelshop.com\/en\/product\/euthanasia-rymykorpi-the-complete-recordings-1986-1989\/","og_site_name":"DEGGAELSHOP","article_modified_time":"2025-05-22T09:20:55+00:00","og_image":[{"width":600,"height":609,"url":"https:\/\/deggaelshop.com\/wp-content\/uploads\/2023\/07\/euthanasia-rymykorpi-1.jpg","type":"image\/jpeg"}],"twitter_card":"summary_large_image","twitter_misc":{"Est. reading time":"2 minutes"},"schema":{"@context":"https:\/\/schema.org","@graph":[{"@type":"WebPage","@id":"https:\/\/deggaelshop.com\/product\/euthanasia-rymykorpi-the-complete-recordings-1986-1989\/","url":"https:\/\/deggaelshop.com\/product\/euthanasia-rymykorpi-the-complete-recordings-1986-1989\/","name":"Euthanasia : Rymykorpi the complete recordings 1986-1989 2CD | DEGGAELSHOP | Levykauppa | CD | LP | Kirjat","isPartOf":{"@id":"https:\/\/deggaelshop.com\/#website"},"primaryImageOfPage":{"@id":"https:\/\/deggaelshop.com\/product\/euthanasia-rymykorpi-the-complete-recordings-1986-1989\/#primaryimage"},"image":{"@id":"https:\/\/deggaelshop.com\/product\/euthanasia-rymykorpi-the-complete-recordings-1986-1989\/#primaryimage"},"thumbnailUrl":"https:\/\/deggaelshop.com\/wp-content\/uploads\/2023\/07\/euthanasia-rymykorpi-1.jpg","datePublished":"2023-01-13T21:50:14+00:00","dateModified":"2025-05-22T09:20:55+00:00","breadcrumb":{"@id":"https:\/\/deggaelshop.com\/product\/euthanasia-rymykorpi-the-complete-recordings-1986-1989\/#breadcrumb"},"inLanguage":"en-US","potentialAction":[{"@type":"ReadAction","target":["https:\/\/deggaelshop.com\/product\/euthanasia-rymykorpi-the-complete-recordings-1986-1989\/"]}]},{"@type":"ImageObject","inLanguage":"en-US","@id":"https:\/\/deggaelshop.com\/product\/euthanasia-rymykorpi-the-complete-recordings-1986-1989\/#primaryimage","url":"https:\/\/deggaelshop.com\/wp-content\/uploads\/2023\/07\/euthanasia-rymykorpi-1.jpg","contentUrl":"https:\/\/deggaelshop.com\/wp-content\/uploads\/2023\/07\/euthanasia-rymykorpi-1.jpg","width":600,"height":609},{"@type":"BreadcrumbList","@id":"https:\/\/deggaelshop.com\/product\/euthanasia-rymykorpi-the-complete-recordings-1986-1989\/#breadcrumb","itemListElement":[{"@type":"ListItem","position":1,"name":"Etusivu","item":"https:\/\/deggaelshop.com\/"},{"@type":"ListItem","position":2,"name":"Deggael Shop","item":"https:\/\/deggaelshop.com\/deggael-shop\/"},{"@type":"ListItem","position":3,"name":"Euthanasia : Rymykorpi the complete recordings 1986-1989 2CD"}]},{"@type":"WebSite","@id":"https:\/\/deggaelshop.com\/#website","url":"https:\/\/deggaelshop.com\/","name":"Deggael Shop","description":"Deggael Communications","publisher":{"@id":"https:\/\/deggaelshop.com\/#organization"},"alternateName":"Levykauppa | CD-levyt | Kirjat","potentialAction":[{"@type":"SearchAction","target":{"@type":"EntryPoint","urlTemplate":"https:\/\/deggaelshop.com\/?s={search_term_string}"},"query-input":{"@type":"PropertyValueSpecification","valueRequired":true,"valueName":"search_term_string"}}],"inLanguage":"en-US"},{"@type":"Organization","@id":"https:\/\/deggaelshop.com\/#organization","name":"Deggael Communications","alternateName":"Deggael Shop","url":"https:\/\/deggaelshop.com\/","logo":{"@type":"ImageObject","inLanguage":"en-US","@id":"https:\/\/deggaelshop.com\/#\/schema\/logo\/image\/","url":"https:\/\/deggaelshop.com\/wp-content\/uploads\/2023\/07\/deggael-logo-black-1.png","contentUrl":"https:\/\/deggaelshop.com\/wp-content\/uploads\/2023\/07\/deggael-logo-black-1.png","width":2000,"height":700,"caption":"Deggael Communications"},"image":{"@id":"https:\/\/deggaelshop.com\/#\/schema\/logo\/image\/"}}]}},"_links":{"self":[{"href":"https:\/\/deggaelshop.com\/en\/wp-json\/wp\/v2\/product\/268","targetHints":{"allow":["GET"]}}],"collection":[{"href":"https:\/\/deggaelshop.com\/en\/wp-json\/wp\/v2\/product"}],"about":[{"href":"https:\/\/deggaelshop.com\/en\/wp-json\/wp\/v2\/types\/product"}],"wp:featuredmedia":[{"embeddable":true,"href":"https:\/\/deggaelshop.com\/en\/wp-json\/wp\/v2\/media\/269"}],"wp:attachment":[{"href":"https:\/\/deggaelshop.com\/en\/wp-json\/wp\/v2\/media?parent=268"}],"wp:term":[{"taxonomy":"product_brand","embeddable":true,"href":"https:\/\/deggaelshop.com\/en\/wp-json\/wp\/v2\/product_brand?post=268"},{"taxonomy":"product_cat","embeddable":true,"href":"https:\/\/deggaelshop.com\/en\/wp-json\/wp\/v2\/product_cat?post=268"},{"taxonomy":"product_tag","embeddable":true,"href":"https:\/\/deggaelshop.com\/en\/wp-json\/wp\/v2\/product_tag?post=268"}],"curies":[{"name":"wp","href":"https:\/\/api.w.org\/{rel}","templated":true}]}}