{"id":20,"date":"2023-07-13T08:54:45","date_gmt":"2023-07-13T08:54:45","guid":{"rendered":"https:\/\/deggaelshop.com\/?post_type=product&#038;p=20"},"modified":"2024-12-03T11:00:21","modified_gmt":"2024-12-03T11:00:21","slug":"lahiobotox-ita-metal-cd","status":"publish","type":"product","link":"https:\/\/deggaelshop.com\/en\/product\/lahiobotox-ita-metal-cd\/","title":{"rendered":"L\u00c4HI\u00d6BOTOX : It\u00e4-Metal CD"},"content":{"rendered":"<h2>Songs<\/h2>\n<p>M\u00e4 her\u00e4t\u00e4n sun traumat<br \/>\nEi pyhi\u00e4<br \/>\nMyrkky feat. Unto Helo<br \/>\nL\u00e4hi\u00f6ni tuote feat. Marco Aro &amp; Samy Elbanna<br \/>\nKasvoton kansa<br \/>\nMiehelt\u00e4 toiselle<br \/>\nPaha silm\u00e4<br \/>\nFikti<br \/>\nK\u00f6yhyyden pelko<br \/>\nM\u00e4 tuun ja m\u00e4 m\u00e4 l\u00e4hen<br \/>\nKuollut<\/p>\n<h2>Product information<\/h2>\n<p><strong>EAN:<\/strong> 6417871020053<\/p>\n<p><strong>Released:<\/strong> 2022<\/p>","protected":false},"excerpt":{"rendered":"<p>The second studio album by L\u00e4hi\u00f6botox released in 2022.<\/p>","protected":false},"featured_media":101,"template":"","meta":[],"product_brand":[],"product_cat":[26,24],"product_tag":[],"class_list":{"0":"post-20","1":"product","2":"type-product","3":"status-publish","4":"has-post-thumbnail","6":"product_cat-cd","7":"product_cat-musiikki","9":"first","10":"outofstock","11":"taxable","12":"shipping-taxable","13":"purchasable","14":"product-type-simple"},"yoast_head":"<!-- This site is optimized with the Yoast SEO plugin v27.4 - https:\/\/yoast.com\/product\/yoast-seo-wordpress\/ -->\n<title>L\u00c4HI\u00d6BOTOX : It\u00e4-Metal CD | DEGGAELSHOP | Levykauppa | CD | LP | Kirjat<\/title>\n<meta name=\"robots\" content=\"index, follow, max-snippet:-1, max-image-preview:large, max-video-preview:-1\" \/>\n<link rel=\"canonical\" href=\"https:\/\/deggaelshop.com\/en\/product\/lahiobotox-ita-metal-cd\/\" \/>\n<meta property=\"og:locale\" content=\"en_US\" \/>\n<meta property=\"og:type\" content=\"article\" \/>\n<meta property=\"og:title\" content=\"L\u00c4HI\u00d6BOTOX : It\u00e4-Metal CD | DEGGAELSHOP | Levykauppa | CD | LP | Kirjat\" \/>\n<meta property=\"og:description\" content=\"Vuonna 2022 julkaistu L\u00e4hi\u00f6botoxin toinen studioalbumi.\" \/>\n<meta property=\"og:url\" content=\"https:\/\/deggaelshop.com\/en\/product\/lahiobotox-ita-metal-cd\/\" \/>\n<meta property=\"og:site_name\" content=\"DEGGAELSHOP\" \/>\n<meta property=\"article:modified_time\" content=\"2024-12-03T11:00:21+00:00\" \/>\n<meta property=\"og:image\" content=\"https:\/\/deggaelshop.com\/wp-content\/uploads\/2023\/07\/lahiobotox-ita-metal-1.jpg\" \/>\n\t<meta property=\"og:image:width\" content=\"915\" \/>\n\t<meta property=\"og:image:height\" content=\"916\" \/>\n\t<meta property=\"og:image:type\" content=\"image\/jpeg\" \/>\n<meta name=\"twitter:card\" content=\"summary_large_image\" \/>\n<meta name=\"twitter:label1\" content=\"Est. reading time\" \/>\n\t<meta name=\"twitter:data1\" content=\"1 minute\" \/>\n<script type=\"application\/ld+json\" class=\"yoast-schema-graph\">{\"@context\":\"https:\\\/\\\/schema.org\",\"@graph\":[{\"@type\":\"WebPage\",\"@id\":\"https:\\\/\\\/deggaelshop.com\\\/product\\\/lahiobotox-ita-metal-cd\\\/\",\"url\":\"https:\\\/\\\/deggaelshop.com\\\/product\\\/lahiobotox-ita-metal-cd\\\/\",\"name\":\"L\u00c4HI\u00d6BOTOX : It\u00e4-Metal CD | DEGGAELSHOP | Levykauppa | CD | LP | Kirjat\",\"isPartOf\":{\"@id\":\"https:\\\/\\\/deggaelshop.com\\\/#website\"},\"primaryImageOfPage\":{\"@id\":\"https:\\\/\\\/deggaelshop.com\\\/product\\\/lahiobotox-ita-metal-cd\\\/#primaryimage\"},\"image\":{\"@id\":\"https:\\\/\\\/deggaelshop.com\\\/product\\\/lahiobotox-ita-metal-cd\\\/#primaryimage\"},\"thumbnailUrl\":\"https:\\\/\\\/deggaelshop.com\\\/wp-content\\\/uploads\\\/2023\\\/07\\\/lahiobotox-ita-metal-1.jpg\",\"datePublished\":\"2023-07-13T08:54:45+00:00\",\"dateModified\":\"2024-12-03T11:00:21+00:00\",\"breadcrumb\":{\"@id\":\"https:\\\/\\\/deggaelshop.com\\\/product\\\/lahiobotox-ita-metal-cd\\\/#breadcrumb\"},\"inLanguage\":\"en-US\",\"potentialAction\":[{\"@type\":\"ReadAction\",\"target\":[\"https:\\\/\\\/deggaelshop.com\\\/product\\\/lahiobotox-ita-metal-cd\\\/\"]}]},{\"@type\":\"ImageObject\",\"inLanguage\":\"en-US\",\"@id\":\"https:\\\/\\\/deggaelshop.com\\\/product\\\/lahiobotox-ita-metal-cd\\\/#primaryimage\",\"url\":\"https:\\\/\\\/deggaelshop.com\\\/wp-content\\\/uploads\\\/2023\\\/07\\\/lahiobotox-ita-metal-1.jpg\",\"contentUrl\":\"https:\\\/\\\/deggaelshop.com\\\/wp-content\\\/uploads\\\/2023\\\/07\\\/lahiobotox-ita-metal-1.jpg\",\"width\":915,\"height\":916},{\"@type\":\"BreadcrumbList\",\"@id\":\"https:\\\/\\\/deggaelshop.com\\\/product\\\/lahiobotox-ita-metal-cd\\\/#breadcrumb\",\"itemListElement\":[{\"@type\":\"ListItem\",\"position\":1,\"name\":\"Etusivu\",\"item\":\"https:\\\/\\\/deggaelshop.com\\\/\"},{\"@type\":\"ListItem\",\"position\":2,\"name\":\"Deggael Shop\",\"item\":\"https:\\\/\\\/deggaelshop.com\\\/deggael-shop\\\/\"},{\"@type\":\"ListItem\",\"position\":3,\"name\":\"L\u00c4HI\u00d6BOTOX : It\u00e4-Metal CD\"}]},{\"@type\":\"WebSite\",\"@id\":\"https:\\\/\\\/deggaelshop.com\\\/#website\",\"url\":\"https:\\\/\\\/deggaelshop.com\\\/\",\"name\":\"Deggael Shop\",\"description\":\"Deggael Communications\",\"publisher\":{\"@id\":\"https:\\\/\\\/deggaelshop.com\\\/#organization\"},\"alternateName\":\"Levykauppa | CD-levyt | Kirjat\",\"potentialAction\":[{\"@type\":\"SearchAction\",\"target\":{\"@type\":\"EntryPoint\",\"urlTemplate\":\"https:\\\/\\\/deggaelshop.com\\\/?s={search_term_string}\"},\"query-input\":{\"@type\":\"PropertyValueSpecification\",\"valueRequired\":true,\"valueName\":\"search_term_string\"}}],\"inLanguage\":\"en-US\"},{\"@type\":\"Organization\",\"@id\":\"https:\\\/\\\/deggaelshop.com\\\/#organization\",\"name\":\"Deggael Communications\",\"alternateName\":\"Deggael Shop\",\"url\":\"https:\\\/\\\/deggaelshop.com\\\/\",\"logo\":{\"@type\":\"ImageObject\",\"inLanguage\":\"en-US\",\"@id\":\"https:\\\/\\\/deggaelshop.com\\\/#\\\/schema\\\/logo\\\/image\\\/\",\"url\":\"https:\\\/\\\/deggaelshop.com\\\/wp-content\\\/uploads\\\/2023\\\/07\\\/deggael-logo-black-1.png\",\"contentUrl\":\"https:\\\/\\\/deggaelshop.com\\\/wp-content\\\/uploads\\\/2023\\\/07\\\/deggael-logo-black-1.png\",\"width\":2000,\"height\":700,\"caption\":\"Deggael Communications\"},\"image\":{\"@id\":\"https:\\\/\\\/deggaelshop.com\\\/#\\\/schema\\\/logo\\\/image\\\/\"}}]}<\/script>\n<!-- \/ Yoast SEO plugin. -->","yoast_head_json":{"title":"L\u00c4HI\u00d6BOTOX : It\u00e4-Metal CD | DEGGAELSHOP | Levykauppa | CD | LP | Kirjat","robots":{"index":"index","follow":"follow","max-snippet":"max-snippet:-1","max-image-preview":"max-image-preview:large","max-video-preview":"max-video-preview:-1"},"canonical":"https:\/\/deggaelshop.com\/en\/product\/lahiobotox-ita-metal-cd\/","og_locale":"en_US","og_type":"article","og_title":"L\u00c4HI\u00d6BOTOX : It\u00e4-Metal CD | DEGGAELSHOP | Levykauppa | CD | LP | Kirjat","og_description":"Vuonna 2022 julkaistu L\u00e4hi\u00f6botoxin toinen studioalbumi.","og_url":"https:\/\/deggaelshop.com\/en\/product\/lahiobotox-ita-metal-cd\/","og_site_name":"DEGGAELSHOP","article_modified_time":"2024-12-03T11:00:21+00:00","og_image":[{"width":915,"height":916,"url":"https:\/\/deggaelshop.com\/wp-content\/uploads\/2023\/07\/lahiobotox-ita-metal-1.jpg","type":"image\/jpeg"}],"twitter_card":"summary_large_image","twitter_misc":{"Est. reading time":"1 minute"},"schema":{"@context":"https:\/\/schema.org","@graph":[{"@type":"WebPage","@id":"https:\/\/deggaelshop.com\/product\/lahiobotox-ita-metal-cd\/","url":"https:\/\/deggaelshop.com\/product\/lahiobotox-ita-metal-cd\/","name":"L\u00c4HI\u00d6BOTOX : It\u00e4-Metal CD | DEGGAELSHOP | Levykauppa | CD | LP | Kirjat","isPartOf":{"@id":"https:\/\/deggaelshop.com\/#website"},"primaryImageOfPage":{"@id":"https:\/\/deggaelshop.com\/product\/lahiobotox-ita-metal-cd\/#primaryimage"},"image":{"@id":"https:\/\/deggaelshop.com\/product\/lahiobotox-ita-metal-cd\/#primaryimage"},"thumbnailUrl":"https:\/\/deggaelshop.com\/wp-content\/uploads\/2023\/07\/lahiobotox-ita-metal-1.jpg","datePublished":"2023-07-13T08:54:45+00:00","dateModified":"2024-12-03T11:00:21+00:00","breadcrumb":{"@id":"https:\/\/deggaelshop.com\/product\/lahiobotox-ita-metal-cd\/#breadcrumb"},"inLanguage":"en-US","potentialAction":[{"@type":"ReadAction","target":["https:\/\/deggaelshop.com\/product\/lahiobotox-ita-metal-cd\/"]}]},{"@type":"ImageObject","inLanguage":"en-US","@id":"https:\/\/deggaelshop.com\/product\/lahiobotox-ita-metal-cd\/#primaryimage","url":"https:\/\/deggaelshop.com\/wp-content\/uploads\/2023\/07\/lahiobotox-ita-metal-1.jpg","contentUrl":"https:\/\/deggaelshop.com\/wp-content\/uploads\/2023\/07\/lahiobotox-ita-metal-1.jpg","width":915,"height":916},{"@type":"BreadcrumbList","@id":"https:\/\/deggaelshop.com\/product\/lahiobotox-ita-metal-cd\/#breadcrumb","itemListElement":[{"@type":"ListItem","position":1,"name":"Etusivu","item":"https:\/\/deggaelshop.com\/"},{"@type":"ListItem","position":2,"name":"Deggael Shop","item":"https:\/\/deggaelshop.com\/deggael-shop\/"},{"@type":"ListItem","position":3,"name":"L\u00c4HI\u00d6BOTOX : It\u00e4-Metal CD"}]},{"@type":"WebSite","@id":"https:\/\/deggaelshop.com\/#website","url":"https:\/\/deggaelshop.com\/","name":"Deggael Shop","description":"Deggael Communications","publisher":{"@id":"https:\/\/deggaelshop.com\/#organization"},"alternateName":"Levykauppa | CD-levyt | Kirjat","potentialAction":[{"@type":"SearchAction","target":{"@type":"EntryPoint","urlTemplate":"https:\/\/deggaelshop.com\/?s={search_term_string}"},"query-input":{"@type":"PropertyValueSpecification","valueRequired":true,"valueName":"search_term_string"}}],"inLanguage":"en-US"},{"@type":"Organization","@id":"https:\/\/deggaelshop.com\/#organization","name":"Deggael Communications","alternateName":"Deggael Shop","url":"https:\/\/deggaelshop.com\/","logo":{"@type":"ImageObject","inLanguage":"en-US","@id":"https:\/\/deggaelshop.com\/#\/schema\/logo\/image\/","url":"https:\/\/deggaelshop.com\/wp-content\/uploads\/2023\/07\/deggael-logo-black-1.png","contentUrl":"https:\/\/deggaelshop.com\/wp-content\/uploads\/2023\/07\/deggael-logo-black-1.png","width":2000,"height":700,"caption":"Deggael Communications"},"image":{"@id":"https:\/\/deggaelshop.com\/#\/schema\/logo\/image\/"}}]}},"_links":{"self":[{"href":"https:\/\/deggaelshop.com\/en\/wp-json\/wp\/v2\/product\/20","targetHints":{"allow":["GET"]}}],"collection":[{"href":"https:\/\/deggaelshop.com\/en\/wp-json\/wp\/v2\/product"}],"about":[{"href":"https:\/\/deggaelshop.com\/en\/wp-json\/wp\/v2\/types\/product"}],"wp:featuredmedia":[{"embeddable":true,"href":"https:\/\/deggaelshop.com\/en\/wp-json\/wp\/v2\/media\/101"}],"wp:attachment":[{"href":"https:\/\/deggaelshop.com\/en\/wp-json\/wp\/v2\/media?parent=20"}],"wp:term":[{"taxonomy":"product_brand","embeddable":true,"href":"https:\/\/deggaelshop.com\/en\/wp-json\/wp\/v2\/product_brand?post=20"},{"taxonomy":"product_cat","embeddable":true,"href":"https:\/\/deggaelshop.com\/en\/wp-json\/wp\/v2\/product_cat?post=20"},{"taxonomy":"product_tag","embeddable":true,"href":"https:\/\/deggaelshop.com\/en\/wp-json\/wp\/v2\/product_tag?post=20"}],"curies":[{"name":"wp","href":"https:\/\/api.w.org\/{rel}","templated":true}]}}