{"id":18,"date":"2023-07-13T21:00:06","date_gmt":"2023-07-13T21:00:06","guid":{"rendered":"https:\/\/deggaelshop.com\/?post_type=product&#038;p=18"},"modified":"2025-05-22T09:18:17","modified_gmt":"2025-05-22T09:18:17","slug":"lahiobotox-rikkinainen-suomi-cd","status":"publish","type":"product","link":"https:\/\/deggaelshop.com\/en\/product\/lahiobotox-rikkinainen-suomi-cd\/","title":{"rendered":"L\u00c4HI\u00d6BOTOX : Rikkin\u00e4inen Suomi CD"},"content":{"rendered":"<h2>Songs<\/h2>\n<p>Rikkin\u00e4inen Suomi<br \/>\nSaunan takana<br \/>\nTuu kokeilee<br \/>\nSoittakaa kyt\u00e4t!<br \/>\nSyd\u00e4met\u00f6n<br \/>\nNigi Nigi<br \/>\nKaikki hajoo<br \/>\nKongo<br \/>\nAamuun asti<br \/>\nPuhdasverinen vihaaja<\/p>\n<h2>Product information<\/h2>\n<p><strong>EAN:<\/strong> 6417871019828<\/p>\n<p><strong>Released:<\/strong> 2020<\/p>","protected":false},"excerpt":{"rendered":"<p>L\u00e4hi\u00f6botox's debute album from 2020.<\/p>","protected":false},"featured_media":99,"template":"","meta":[],"product_brand":[],"product_cat":[26,24],"product_tag":[],"class_list":{"0":"post-18","1":"product","2":"type-product","3":"status-publish","4":"has-post-thumbnail","6":"product_cat-cd","7":"product_cat-musiikki","9":"first","10":"outofstock","11":"taxable","12":"shipping-taxable","13":"purchasable","14":"product-type-simple"},"yoast_head":"<!-- This site is optimized with the Yoast SEO plugin v27.4 - https:\/\/yoast.com\/product\/yoast-seo-wordpress\/ -->\n<title>L\u00c4HI\u00d6BOTOX : Rikkin\u00e4inen Suomi CD | DEGGAELSHOP | Levykauppa | CD | LP | Kirjat<\/title>\n<meta name=\"robots\" content=\"index, follow, max-snippet:-1, max-image-preview:large, max-video-preview:-1\" \/>\n<link rel=\"canonical\" href=\"https:\/\/deggaelshop.com\/en\/product\/lahiobotox-rikkinainen-suomi-cd\/\" \/>\n<meta property=\"og:locale\" content=\"en_US\" \/>\n<meta property=\"og:type\" content=\"article\" \/>\n<meta property=\"og:title\" content=\"L\u00c4HI\u00d6BOTOX : Rikkin\u00e4inen Suomi CD | DEGGAELSHOP | Levykauppa | CD | LP | Kirjat\" \/>\n<meta property=\"og:description\" content=\"L\u00e4hi\u00f6botoxin debyyttialbumi vuodelta 2020.\" \/>\n<meta property=\"og:url\" content=\"https:\/\/deggaelshop.com\/en\/product\/lahiobotox-rikkinainen-suomi-cd\/\" \/>\n<meta property=\"og:site_name\" content=\"DEGGAELSHOP\" \/>\n<meta property=\"article:modified_time\" content=\"2025-05-22T09:18:17+00:00\" \/>\n<meta property=\"og:image\" content=\"https:\/\/deggaelshop.com\/wp-content\/uploads\/2023\/07\/brs-lahiobotox-rikkinainen-suomi_1800x1800-1.jpg-kopio-1.jpg\" \/>\n\t<meta property=\"og:image:width\" content=\"699\" \/>\n\t<meta property=\"og:image:height\" content=\"700\" \/>\n\t<meta property=\"og:image:type\" content=\"image\/jpeg\" \/>\n<meta name=\"twitter:card\" content=\"summary_large_image\" \/>\n<meta name=\"twitter:label1\" content=\"Est. reading time\" \/>\n\t<meta name=\"twitter:data1\" content=\"1 minute\" \/>\n<script type=\"application\/ld+json\" class=\"yoast-schema-graph\">{\"@context\":\"https:\\\/\\\/schema.org\",\"@graph\":[{\"@type\":\"WebPage\",\"@id\":\"https:\\\/\\\/deggaelshop.com\\\/product\\\/lahiobotox-rikkinainen-suomi-cd\\\/\",\"url\":\"https:\\\/\\\/deggaelshop.com\\\/product\\\/lahiobotox-rikkinainen-suomi-cd\\\/\",\"name\":\"L\u00c4HI\u00d6BOTOX : Rikkin\u00e4inen Suomi CD | DEGGAELSHOP | Levykauppa | CD | LP | Kirjat\",\"isPartOf\":{\"@id\":\"https:\\\/\\\/deggaelshop.com\\\/#website\"},\"primaryImageOfPage\":{\"@id\":\"https:\\\/\\\/deggaelshop.com\\\/product\\\/lahiobotox-rikkinainen-suomi-cd\\\/#primaryimage\"},\"image\":{\"@id\":\"https:\\\/\\\/deggaelshop.com\\\/product\\\/lahiobotox-rikkinainen-suomi-cd\\\/#primaryimage\"},\"thumbnailUrl\":\"https:\\\/\\\/deggaelshop.com\\\/wp-content\\\/uploads\\\/2023\\\/07\\\/brs-lahiobotox-rikkinainen-suomi_1800x1800-1.jpg-kopio-1.jpg\",\"datePublished\":\"2023-07-13T21:00:06+00:00\",\"dateModified\":\"2025-05-22T09:18:17+00:00\",\"breadcrumb\":{\"@id\":\"https:\\\/\\\/deggaelshop.com\\\/product\\\/lahiobotox-rikkinainen-suomi-cd\\\/#breadcrumb\"},\"inLanguage\":\"en-US\",\"potentialAction\":[{\"@type\":\"ReadAction\",\"target\":[\"https:\\\/\\\/deggaelshop.com\\\/product\\\/lahiobotox-rikkinainen-suomi-cd\\\/\"]}]},{\"@type\":\"ImageObject\",\"inLanguage\":\"en-US\",\"@id\":\"https:\\\/\\\/deggaelshop.com\\\/product\\\/lahiobotox-rikkinainen-suomi-cd\\\/#primaryimage\",\"url\":\"https:\\\/\\\/deggaelshop.com\\\/wp-content\\\/uploads\\\/2023\\\/07\\\/brs-lahiobotox-rikkinainen-suomi_1800x1800-1.jpg-kopio-1.jpg\",\"contentUrl\":\"https:\\\/\\\/deggaelshop.com\\\/wp-content\\\/uploads\\\/2023\\\/07\\\/brs-lahiobotox-rikkinainen-suomi_1800x1800-1.jpg-kopio-1.jpg\",\"width\":699,\"height\":700},{\"@type\":\"BreadcrumbList\",\"@id\":\"https:\\\/\\\/deggaelshop.com\\\/product\\\/lahiobotox-rikkinainen-suomi-cd\\\/#breadcrumb\",\"itemListElement\":[{\"@type\":\"ListItem\",\"position\":1,\"name\":\"Etusivu\",\"item\":\"https:\\\/\\\/deggaelshop.com\\\/\"},{\"@type\":\"ListItem\",\"position\":2,\"name\":\"Deggael Shop\",\"item\":\"https:\\\/\\\/deggaelshop.com\\\/deggael-shop\\\/\"},{\"@type\":\"ListItem\",\"position\":3,\"name\":\"L\u00c4HI\u00d6BOTOX : Rikkin\u00e4inen Suomi CD\"}]},{\"@type\":\"WebSite\",\"@id\":\"https:\\\/\\\/deggaelshop.com\\\/#website\",\"url\":\"https:\\\/\\\/deggaelshop.com\\\/\",\"name\":\"Deggael Shop\",\"description\":\"Deggael Communications\",\"publisher\":{\"@id\":\"https:\\\/\\\/deggaelshop.com\\\/#organization\"},\"alternateName\":\"Levykauppa | CD-levyt | Kirjat\",\"potentialAction\":[{\"@type\":\"SearchAction\",\"target\":{\"@type\":\"EntryPoint\",\"urlTemplate\":\"https:\\\/\\\/deggaelshop.com\\\/?s={search_term_string}\"},\"query-input\":{\"@type\":\"PropertyValueSpecification\",\"valueRequired\":true,\"valueName\":\"search_term_string\"}}],\"inLanguage\":\"en-US\"},{\"@type\":\"Organization\",\"@id\":\"https:\\\/\\\/deggaelshop.com\\\/#organization\",\"name\":\"Deggael Communications\",\"alternateName\":\"Deggael Shop\",\"url\":\"https:\\\/\\\/deggaelshop.com\\\/\",\"logo\":{\"@type\":\"ImageObject\",\"inLanguage\":\"en-US\",\"@id\":\"https:\\\/\\\/deggaelshop.com\\\/#\\\/schema\\\/logo\\\/image\\\/\",\"url\":\"https:\\\/\\\/deggaelshop.com\\\/wp-content\\\/uploads\\\/2023\\\/07\\\/deggael-logo-black-1.png\",\"contentUrl\":\"https:\\\/\\\/deggaelshop.com\\\/wp-content\\\/uploads\\\/2023\\\/07\\\/deggael-logo-black-1.png\",\"width\":2000,\"height\":700,\"caption\":\"Deggael Communications\"},\"image\":{\"@id\":\"https:\\\/\\\/deggaelshop.com\\\/#\\\/schema\\\/logo\\\/image\\\/\"}}]}<\/script>\n<!-- \/ Yoast SEO plugin. -->","yoast_head_json":{"title":"L\u00c4HI\u00d6BOTOX : Rikkin\u00e4inen Suomi CD | DEGGAELSHOP | Levykauppa | CD | LP | Kirjat","robots":{"index":"index","follow":"follow","max-snippet":"max-snippet:-1","max-image-preview":"max-image-preview:large","max-video-preview":"max-video-preview:-1"},"canonical":"https:\/\/deggaelshop.com\/en\/product\/lahiobotox-rikkinainen-suomi-cd\/","og_locale":"en_US","og_type":"article","og_title":"L\u00c4HI\u00d6BOTOX : Rikkin\u00e4inen Suomi CD | DEGGAELSHOP | Levykauppa | CD | LP | Kirjat","og_description":"L\u00e4hi\u00f6botoxin debyyttialbumi vuodelta 2020.","og_url":"https:\/\/deggaelshop.com\/en\/product\/lahiobotox-rikkinainen-suomi-cd\/","og_site_name":"DEGGAELSHOP","article_modified_time":"2025-05-22T09:18:17+00:00","og_image":[{"width":699,"height":700,"url":"https:\/\/deggaelshop.com\/wp-content\/uploads\/2023\/07\/brs-lahiobotox-rikkinainen-suomi_1800x1800-1.jpg-kopio-1.jpg","type":"image\/jpeg"}],"twitter_card":"summary_large_image","twitter_misc":{"Est. reading time":"1 minute"},"schema":{"@context":"https:\/\/schema.org","@graph":[{"@type":"WebPage","@id":"https:\/\/deggaelshop.com\/product\/lahiobotox-rikkinainen-suomi-cd\/","url":"https:\/\/deggaelshop.com\/product\/lahiobotox-rikkinainen-suomi-cd\/","name":"L\u00c4HI\u00d6BOTOX : Rikkin\u00e4inen Suomi CD | DEGGAELSHOP | Levykauppa | CD | LP | Kirjat","isPartOf":{"@id":"https:\/\/deggaelshop.com\/#website"},"primaryImageOfPage":{"@id":"https:\/\/deggaelshop.com\/product\/lahiobotox-rikkinainen-suomi-cd\/#primaryimage"},"image":{"@id":"https:\/\/deggaelshop.com\/product\/lahiobotox-rikkinainen-suomi-cd\/#primaryimage"},"thumbnailUrl":"https:\/\/deggaelshop.com\/wp-content\/uploads\/2023\/07\/brs-lahiobotox-rikkinainen-suomi_1800x1800-1.jpg-kopio-1.jpg","datePublished":"2023-07-13T21:00:06+00:00","dateModified":"2025-05-22T09:18:17+00:00","breadcrumb":{"@id":"https:\/\/deggaelshop.com\/product\/lahiobotox-rikkinainen-suomi-cd\/#breadcrumb"},"inLanguage":"en-US","potentialAction":[{"@type":"ReadAction","target":["https:\/\/deggaelshop.com\/product\/lahiobotox-rikkinainen-suomi-cd\/"]}]},{"@type":"ImageObject","inLanguage":"en-US","@id":"https:\/\/deggaelshop.com\/product\/lahiobotox-rikkinainen-suomi-cd\/#primaryimage","url":"https:\/\/deggaelshop.com\/wp-content\/uploads\/2023\/07\/brs-lahiobotox-rikkinainen-suomi_1800x1800-1.jpg-kopio-1.jpg","contentUrl":"https:\/\/deggaelshop.com\/wp-content\/uploads\/2023\/07\/brs-lahiobotox-rikkinainen-suomi_1800x1800-1.jpg-kopio-1.jpg","width":699,"height":700},{"@type":"BreadcrumbList","@id":"https:\/\/deggaelshop.com\/product\/lahiobotox-rikkinainen-suomi-cd\/#breadcrumb","itemListElement":[{"@type":"ListItem","position":1,"name":"Etusivu","item":"https:\/\/deggaelshop.com\/"},{"@type":"ListItem","position":2,"name":"Deggael Shop","item":"https:\/\/deggaelshop.com\/deggael-shop\/"},{"@type":"ListItem","position":3,"name":"L\u00c4HI\u00d6BOTOX : Rikkin\u00e4inen Suomi CD"}]},{"@type":"WebSite","@id":"https:\/\/deggaelshop.com\/#website","url":"https:\/\/deggaelshop.com\/","name":"Deggael Shop","description":"Deggael Communications","publisher":{"@id":"https:\/\/deggaelshop.com\/#organization"},"alternateName":"Levykauppa | CD-levyt | Kirjat","potentialAction":[{"@type":"SearchAction","target":{"@type":"EntryPoint","urlTemplate":"https:\/\/deggaelshop.com\/?s={search_term_string}"},"query-input":{"@type":"PropertyValueSpecification","valueRequired":true,"valueName":"search_term_string"}}],"inLanguage":"en-US"},{"@type":"Organization","@id":"https:\/\/deggaelshop.com\/#organization","name":"Deggael Communications","alternateName":"Deggael Shop","url":"https:\/\/deggaelshop.com\/","logo":{"@type":"ImageObject","inLanguage":"en-US","@id":"https:\/\/deggaelshop.com\/#\/schema\/logo\/image\/","url":"https:\/\/deggaelshop.com\/wp-content\/uploads\/2023\/07\/deggael-logo-black-1.png","contentUrl":"https:\/\/deggaelshop.com\/wp-content\/uploads\/2023\/07\/deggael-logo-black-1.png","width":2000,"height":700,"caption":"Deggael Communications"},"image":{"@id":"https:\/\/deggaelshop.com\/#\/schema\/logo\/image\/"}}]}},"_links":{"self":[{"href":"https:\/\/deggaelshop.com\/en\/wp-json\/wp\/v2\/product\/18","targetHints":{"allow":["GET"]}}],"collection":[{"href":"https:\/\/deggaelshop.com\/en\/wp-json\/wp\/v2\/product"}],"about":[{"href":"https:\/\/deggaelshop.com\/en\/wp-json\/wp\/v2\/types\/product"}],"wp:featuredmedia":[{"embeddable":true,"href":"https:\/\/deggaelshop.com\/en\/wp-json\/wp\/v2\/media\/99"}],"wp:attachment":[{"href":"https:\/\/deggaelshop.com\/en\/wp-json\/wp\/v2\/media?parent=18"}],"wp:term":[{"taxonomy":"product_brand","embeddable":true,"href":"https:\/\/deggaelshop.com\/en\/wp-json\/wp\/v2\/product_brand?post=18"},{"taxonomy":"product_cat","embeddable":true,"href":"https:\/\/deggaelshop.com\/en\/wp-json\/wp\/v2\/product_cat?post=18"},{"taxonomy":"product_tag","embeddable":true,"href":"https:\/\/deggaelshop.com\/en\/wp-json\/wp\/v2\/product_tag?post=18"}],"curies":[{"name":"wp","href":"https:\/\/api.w.org\/{rel}","templated":true}]}}