{"id":522,"date":"2023-07-13T11:37:17","date_gmt":"2023-07-13T11:37:17","guid":{"rendered":"https:\/\/deggaelshop.com\/?page_id=3"},"modified":"2024-01-20T22:04:45","modified_gmt":"2024-01-20T22:04:45","slug":"tietosuojaseloste","status":"publish","type":"page","link":"https:\/\/deggaelshop.com\/en\/tietosuojaseloste\/","title":{"rendered":"Privacy Policy"},"content":{"rendered":"<div data-elementor-type=\"wp-page\" data-elementor-id=\"522\" class=\"elementor elementor-522\" data-elementor-post-type=\"page\">\n\t\t\t\t\t\t<section class=\"elementor-section elementor-top-section elementor-element elementor-element-78d94c84 elementor-section-boxed elementor-section-height-default elementor-section-height-default\" data-id=\"78d94c84\" data-element_type=\"section\" data-e-type=\"section\">\n\t\t\t\t\t\t<div class=\"elementor-container elementor-column-gap-default\">\n\t\t\t\t\t<div class=\"elementor-column elementor-col-100 elementor-top-column elementor-element elementor-element-2130c0ea\" data-id=\"2130c0ea\" data-element_type=\"column\" data-e-type=\"column\">\n\t\t\t<div class=\"elementor-widget-wrap elementor-element-populated\">\n\t\t\t\t\t\t<div class=\"elementor-element elementor-element-300e7495 elementor-widget elementor-widget-text-editor\" data-id=\"300e7495\" data-element_type=\"widget\" data-e-type=\"widget\" data-widget_type=\"text-editor.default\">\n\t\t\t\t<div class=\"elementor-widget-container\">\n\t\t\t\t\t\t\t\t\t\n<p>T\u00e4m\u00e4 on Deggael Communications Oy:n henkil\u00f6tietolain ja EU:n yleisen tietosuoja-asetuksen mukainen rekisteri- ja tietosuojaseloste. Laadittu 14.7.2023. Viimeisin muutos 14.7.2023.<\/p>\n\n\n\n<h3 class=\"wp-block-heading\">1. Register holder<\/h3>\n\n\n\n<p>Deggael Communications<br>Kissakuja 12<br>80600 Sotkamo, FINLAND<br>VAT: FI20611706<br>Phone: <a href=\"tel:0405729341\">040\u00a0572\u00a09341<\/a><\/p>\n\n\n\n<h3 class=\"wp-block-heading\">2. Contact person for the register<\/h3>\n\n\n\n<p>Customer service email: <a href=\"mailto:customerservice@deggaelshop.com\">customerservice@deggaelshop.com<\/a><\/p>\n\n\n\n<h3 class=\"wp-block-heading\">3. Name of the register<\/h3>\n\n\n\n<p>Deggael Shop customer register<\/p>\n\n\n\n<h3 class=\"wp-block-heading\">4. Legal Basis for the Register and Purpose of Processing Personal Data<\/h3>\n\n\n\n<p>The register is used for managing customer relationships, communication, and informing in the online store.<\/p>\n\n\n\n<p>In addition to the above, the register may be used for marketing, targeted marketing, or newsletter delivery. You can check, modify, or request the removal of your information from our customer register at any time. You can also opt-out of marketing communication.<\/p>\n\n\n\n<p>The register is used in accordance with the Personal Data Act.<\/p>\n\n\n\n<h3 class=\"wp-block-heading\">5. Content of the register<\/h3>\n\n\n\n<p>Deggaelshop collects information about the user when the user uses websites that are subject to this register. Information is collected when the user purchases products, registers as a customer in the store, or updates their profile. <\/p>\n\n\n\n<p>The information to be stored in the register does not include customers' personal data unless necessary for the customer relationship. The register may contain the following information:<\/p>\n\n\n\n<ul class=\"wp-block-list\">\n<li>Full name<\/li>\n\n\n\n<li>Company name<\/li>\n\n\n\n<li>Phone<\/li>\n\n\n\n<li>Email<\/li>\n\n\n\n<li>Address<\/li>\n\n\n\n<li>Information about past orders<\/li>\n\n\n\n<li>Billing information<\/li>\n\n\n\n<li>Marketing Prohibitions<\/li>\n\n\n\n<li>Email inquiries<\/li>\n<\/ul>\n\n\n\n<h3 class=\"wp-block-heading\">6. Regular Data Sources<\/h3>\n\n\n\n<p>The primary data sources of the register are: Information registered by the user themselves and events related to the registered user's membership, service usage, communication, and transactions.<\/p>\n\n\n\n<p>Rekisteriin tallennettavat tiedot saadaan asiakkaalta mm. www-lomakkeilla l\u00e4hetetyist\u00e4 viesteist\u00e4, s\u00e4hk\u00f6postitse, puhelimitse, sosiaalisen median palvelujen kautta, tilauksista, asiakastapaamisista ja muista tilanteista, joissa asiakas luovuttaa tietojaan.<\/p>\n\n\n\n<p>Information about contacts from companies and other organizations may also be collected from public sources such as websites, directory services, and other businesses.<\/p>\n\n\n\n<h3 class=\"wp-block-heading\">7. Data Disclosure and Recipients<\/h3>\n\n\n\n<p>No personal data from the register is transferred outside the European Economic Area.<\/p>\n\n\n\n<p>Deggaelshop may outsource the processing of personal data to external companies or subcontractors. These companies may be utilized, for example, in service maintenance, customer service, billing, or customer relationship management. Such companies may be located within the EU.<\/p>\n\n\n\n<h3 class=\"wp-block-heading\">8. Principles of Register Security<\/h3>\n\n\n\n<p>The data controller ensures that stored information, server access rights, and other information critical for the security of personal data are handled confidentially.<\/p>\n\n\n\n<h3 class=\"wp-block-heading\">9. Data Retention Period<\/h3>\n\n\n\n<p>We retain information only for as long as necessary to fulfill the purposes defined in this privacy policy, unless the law requires or allows for a longer retention period.<\/p>\n\n\n\n<h3 class=\"wp-block-heading\">10. Right of Inspection and Right to Demand Data Correction<\/h3>\n\n\n\n<p>The data subject can exercise the following rights by submitting a written request to the data controller, which must be confirmed with the data subject's signature or equivalent, and by proving their identity by attaching a copy of an official, valid identification document to the request. The request should be sent to the email address mentioned in the \"Contact regarding the Register\" section.<\/p>\n\n\n\n<h3 class=\"wp-block-heading\">11. Changes to the Privacy Policy<\/h3>\n\n\n\n<p>We reserve the right to make changes to the privacy policy. We recommend that users regularly review the contents of the privacy policy.<\/p>\n\n\n\n<h3 class=\"wp-block-heading\">12. Other Privacy-Related Matters<\/h3>\n\n\n\n<p>Our website may contain links to third-party services or websites. Deggaelshop is not responsible for the privacy practices of third-party websites.<\/p>\n\t\t\t\t\t\t\t\t<\/div>\n\t\t\t\t<\/div>\n\t\t\t\t\t<\/div>\n\t\t<\/div>\n\t\t\t\t\t<\/div>\n\t\t<\/section>\n\t\t\t\t<\/div>","protected":false},"excerpt":{"rendered":"<p>T\u00e4m\u00e4 on Deggael Communications Oy:n henkil\u00f6tietolain ja EU:n yleisen tietosuoja-asetuksen mukainen rekisteri- ja tietosuojaseloste. Laadittu 14.7.2023. Viimeisin muutos 14.7.2023. 1. Rekisterinpit\u00e4j\u00e4 Deggael CommunicationsKissakuja 1280600 SotkamoY-tunnus: 2061170-6Puhelin: 040\u00a0572\u00a09341 2. Yhteydenotot rekisteri\u00e4 koskevissa asioissa Deggaelshopin asiakaspalvelu: customerservice@deggaelshop.com 3. Rekisterin nimi Deggaelshipin asiakas-, markkinointi- ja k\u00e4ytt\u00e4j\u00e4rekisteri. 4. Rekisterin oikeusperuste ja henkil\u00f6tietojen k\u00e4sittelyn tarkoitus Rekisteri\u00e4 k\u00e4ytet\u00e4\u00e4n verkkokaupan asiakassuhteen hallintaan, [&hellip;]<\/p>\n","protected":false},"author":1,"featured_media":0,"parent":0,"menu_order":0,"comment_status":"closed","ping_status":"open","template":"elementor_header_footer","meta":{"footnotes":""},"class_list":["post-522","page","type-page","status-publish","hentry"],"yoast_head":"<!-- This site is optimized with the Yoast SEO plugin v27.4 - https:\/\/yoast.com\/product\/yoast-seo-wordpress\/ -->\n<title>Tietosuojaseloste | DEGGAELSHOP | Levykauppa | CD | LP | Kirjat<\/title>\n<meta name=\"robots\" content=\"index, follow, max-snippet:-1, max-image-preview:large, max-video-preview:-1\" \/>\n<link rel=\"canonical\" href=\"https:\/\/deggaelshop.com\/en\/tietosuojaseloste\/\" \/>\n<meta property=\"og:locale\" content=\"en_US\" \/>\n<meta property=\"og:type\" content=\"article\" \/>\n<meta property=\"og:title\" content=\"Tietosuojaseloste | DEGGAELSHOP | Levykauppa | CD | LP | Kirjat\" \/>\n<meta property=\"og:description\" content=\"T\u00e4m\u00e4 on Deggael Communications Oy:n henkil\u00f6tietolain ja EU:n yleisen tietosuoja-asetuksen mukainen rekisteri- ja tietosuojaseloste. Laadittu 14.7.2023. Viimeisin muutos 14.7.2023. 1. Rekisterinpit\u00e4j\u00e4 Deggael CommunicationsKissakuja 1280600 SotkamoY-tunnus: 2061170-6Puhelin: 040\u00a0572\u00a09341 2. Yhteydenotot rekisteri\u00e4 koskevissa asioissa Deggaelshopin asiakaspalvelu: customerservice@deggaelshop.com 3. Rekisterin nimi Deggaelshipin asiakas-, markkinointi- ja k\u00e4ytt\u00e4j\u00e4rekisteri. 4. Rekisterin oikeusperuste ja henkil\u00f6tietojen k\u00e4sittelyn tarkoitus Rekisteri\u00e4 k\u00e4ytet\u00e4\u00e4n verkkokaupan asiakassuhteen hallintaan, [&hellip;]\" \/>\n<meta property=\"og:url\" content=\"https:\/\/deggaelshop.com\/en\/tietosuojaseloste\/\" \/>\n<meta property=\"og:site_name\" content=\"DEGGAELSHOP\" \/>\n<meta property=\"article:modified_time\" content=\"2024-01-20T22:04:45+00:00\" \/>\n<meta property=\"og:image\" content=\"https:\/\/deggaelshop.com\/wp-content\/uploads\/2023\/07\/deggael-fall-back.jpg\" \/>\n\t<meta property=\"og:image:width\" content=\"1200\" \/>\n\t<meta property=\"og:image:height\" content=\"630\" \/>\n\t<meta property=\"og:image:type\" content=\"image\/jpeg\" \/>\n<meta name=\"twitter:card\" content=\"summary_large_image\" \/>\n<meta name=\"twitter:label1\" content=\"Est. reading time\" \/>\n\t<meta name=\"twitter:data1\" content=\"3 minutes\" \/>\n<script type=\"application\/ld+json\" class=\"yoast-schema-graph\">{\"@context\":\"https:\\\/\\\/schema.org\",\"@graph\":[{\"@type\":\"WebPage\",\"@id\":\"https:\\\/\\\/deggaelshop.com\\\/tietosuojaseloste\\\/\",\"url\":\"https:\\\/\\\/deggaelshop.com\\\/tietosuojaseloste\\\/\",\"name\":\"Tietosuojaseloste | DEGGAELSHOP | Levykauppa | CD | LP | Kirjat\",\"isPartOf\":{\"@id\":\"https:\\\/\\\/deggaelshop.com\\\/#website\"},\"datePublished\":\"2023-07-13T11:37:17+00:00\",\"dateModified\":\"2024-01-20T22:04:45+00:00\",\"breadcrumb\":{\"@id\":\"https:\\\/\\\/deggaelshop.com\\\/tietosuojaseloste\\\/#breadcrumb\"},\"inLanguage\":\"en-US\",\"potentialAction\":[{\"@type\":\"ReadAction\",\"target\":[\"https:\\\/\\\/deggaelshop.com\\\/tietosuojaseloste\\\/\"]}]},{\"@type\":\"BreadcrumbList\",\"@id\":\"https:\\\/\\\/deggaelshop.com\\\/tietosuojaseloste\\\/#breadcrumb\",\"itemListElement\":[{\"@type\":\"ListItem\",\"position\":1,\"name\":\"Etusivu\",\"item\":\"https:\\\/\\\/deggaelshop.com\\\/\"},{\"@type\":\"ListItem\",\"position\":2,\"name\":\"Tietosuojaseloste\"}]},{\"@type\":\"WebSite\",\"@id\":\"https:\\\/\\\/deggaelshop.com\\\/#website\",\"url\":\"https:\\\/\\\/deggaelshop.com\\\/\",\"name\":\"Deggael Shop\",\"description\":\"Deggael Communications\",\"publisher\":{\"@id\":\"https:\\\/\\\/deggaelshop.com\\\/#organization\"},\"alternateName\":\"Levykauppa | CD-levyt | Kirjat\",\"potentialAction\":[{\"@type\":\"SearchAction\",\"target\":{\"@type\":\"EntryPoint\",\"urlTemplate\":\"https:\\\/\\\/deggaelshop.com\\\/?s={search_term_string}\"},\"query-input\":{\"@type\":\"PropertyValueSpecification\",\"valueRequired\":true,\"valueName\":\"search_term_string\"}}],\"inLanguage\":\"en-US\"},{\"@type\":\"Organization\",\"@id\":\"https:\\\/\\\/deggaelshop.com\\\/#organization\",\"name\":\"Deggael Communications\",\"alternateName\":\"Deggael Shop\",\"url\":\"https:\\\/\\\/deggaelshop.com\\\/\",\"logo\":{\"@type\":\"ImageObject\",\"inLanguage\":\"en-US\",\"@id\":\"https:\\\/\\\/deggaelshop.com\\\/#\\\/schema\\\/logo\\\/image\\\/\",\"url\":\"https:\\\/\\\/deggaelshop.com\\\/wp-content\\\/uploads\\\/2023\\\/07\\\/deggael-logo-black-1.png\",\"contentUrl\":\"https:\\\/\\\/deggaelshop.com\\\/wp-content\\\/uploads\\\/2023\\\/07\\\/deggael-logo-black-1.png\",\"width\":2000,\"height\":700,\"caption\":\"Deggael Communications\"},\"image\":{\"@id\":\"https:\\\/\\\/deggaelshop.com\\\/#\\\/schema\\\/logo\\\/image\\\/\"}}]}<\/script>\n<!-- \/ Yoast SEO plugin. -->","yoast_head_json":{"title":"Tietosuojaseloste | DEGGAELSHOP | Levykauppa | CD | LP | Kirjat","robots":{"index":"index","follow":"follow","max-snippet":"max-snippet:-1","max-image-preview":"max-image-preview:large","max-video-preview":"max-video-preview:-1"},"canonical":"https:\/\/deggaelshop.com\/en\/tietosuojaseloste\/","og_locale":"en_US","og_type":"article","og_title":"Tietosuojaseloste | DEGGAELSHOP | Levykauppa | CD | LP | Kirjat","og_description":"T\u00e4m\u00e4 on Deggael Communications Oy:n henkil\u00f6tietolain ja EU:n yleisen tietosuoja-asetuksen mukainen rekisteri- ja tietosuojaseloste. Laadittu 14.7.2023. Viimeisin muutos 14.7.2023. 1. Rekisterinpit\u00e4j\u00e4 Deggael CommunicationsKissakuja 1280600 SotkamoY-tunnus: 2061170-6Puhelin: 040\u00a0572\u00a09341 2. Yhteydenotot rekisteri\u00e4 koskevissa asioissa Deggaelshopin asiakaspalvelu: customerservice@deggaelshop.com 3. Rekisterin nimi Deggaelshipin asiakas-, markkinointi- ja k\u00e4ytt\u00e4j\u00e4rekisteri. 4. Rekisterin oikeusperuste ja henkil\u00f6tietojen k\u00e4sittelyn tarkoitus Rekisteri\u00e4 k\u00e4ytet\u00e4\u00e4n verkkokaupan asiakassuhteen hallintaan, [&hellip;]","og_url":"https:\/\/deggaelshop.com\/en\/tietosuojaseloste\/","og_site_name":"DEGGAELSHOP","article_modified_time":"2024-01-20T22:04:45+00:00","og_image":[{"width":1200,"height":630,"url":"https:\/\/deggaelshop.com\/wp-content\/uploads\/2023\/07\/deggael-fall-back.jpg","type":"image\/jpeg"}],"twitter_card":"summary_large_image","twitter_misc":{"Est. reading time":"3 minutes"},"schema":{"@context":"https:\/\/schema.org","@graph":[{"@type":"WebPage","@id":"https:\/\/deggaelshop.com\/tietosuojaseloste\/","url":"https:\/\/deggaelshop.com\/tietosuojaseloste\/","name":"Tietosuojaseloste | DEGGAELSHOP | Levykauppa | CD | LP | Kirjat","isPartOf":{"@id":"https:\/\/deggaelshop.com\/#website"},"datePublished":"2023-07-13T11:37:17+00:00","dateModified":"2024-01-20T22:04:45+00:00","breadcrumb":{"@id":"https:\/\/deggaelshop.com\/tietosuojaseloste\/#breadcrumb"},"inLanguage":"en-US","potentialAction":[{"@type":"ReadAction","target":["https:\/\/deggaelshop.com\/tietosuojaseloste\/"]}]},{"@type":"BreadcrumbList","@id":"https:\/\/deggaelshop.com\/tietosuojaseloste\/#breadcrumb","itemListElement":[{"@type":"ListItem","position":1,"name":"Etusivu","item":"https:\/\/deggaelshop.com\/"},{"@type":"ListItem","position":2,"name":"Tietosuojaseloste"}]},{"@type":"WebSite","@id":"https:\/\/deggaelshop.com\/#website","url":"https:\/\/deggaelshop.com\/","name":"Deggael Shop","description":"Deggael Communications","publisher":{"@id":"https:\/\/deggaelshop.com\/#organization"},"alternateName":"Levykauppa | CD-levyt | Kirjat","potentialAction":[{"@type":"SearchAction","target":{"@type":"EntryPoint","urlTemplate":"https:\/\/deggaelshop.com\/?s={search_term_string}"},"query-input":{"@type":"PropertyValueSpecification","valueRequired":true,"valueName":"search_term_string"}}],"inLanguage":"en-US"},{"@type":"Organization","@id":"https:\/\/deggaelshop.com\/#organization","name":"Deggael Communications","alternateName":"Deggael Shop","url":"https:\/\/deggaelshop.com\/","logo":{"@type":"ImageObject","inLanguage":"en-US","@id":"https:\/\/deggaelshop.com\/#\/schema\/logo\/image\/","url":"https:\/\/deggaelshop.com\/wp-content\/uploads\/2023\/07\/deggael-logo-black-1.png","contentUrl":"https:\/\/deggaelshop.com\/wp-content\/uploads\/2023\/07\/deggael-logo-black-1.png","width":2000,"height":700,"caption":"Deggael Communications"},"image":{"@id":"https:\/\/deggaelshop.com\/#\/schema\/logo\/image\/"}}]}},"_links":{"self":[{"href":"https:\/\/deggaelshop.com\/en\/wp-json\/wp\/v2\/pages\/522","targetHints":{"allow":["GET"]}}],"collection":[{"href":"https:\/\/deggaelshop.com\/en\/wp-json\/wp\/v2\/pages"}],"about":[{"href":"https:\/\/deggaelshop.com\/en\/wp-json\/wp\/v2\/types\/page"}],"author":[{"embeddable":true,"href":"https:\/\/deggaelshop.com\/en\/wp-json\/wp\/v2\/users\/1"}],"replies":[{"embeddable":true,"href":"https:\/\/deggaelshop.com\/en\/wp-json\/wp\/v2\/comments?post=522"}],"version-history":[{"count":6,"href":"https:\/\/deggaelshop.com\/en\/wp-json\/wp\/v2\/pages\/522\/revisions"}],"predecessor-version":[{"id":873,"href":"https:\/\/deggaelshop.com\/en\/wp-json\/wp\/v2\/pages\/522\/revisions\/873"}],"wp:attachment":[{"href":"https:\/\/deggaelshop.com\/en\/wp-json\/wp\/v2\/media?parent=522"}],"curies":[{"name":"wp","href":"https:\/\/api.w.org\/{rel}","templated":true}]}}