{"id":17,"date":"2023-07-13T09:29:36","date_gmt":"2023-07-13T09:29:36","guid":{"rendered":"https:\/\/deggaelshop.com\/?page_id=17"},"modified":"2023-12-13T18:42:44","modified_gmt":"2023-12-13T18:42:44","slug":"tilaus-ja-toimitusehdot","status":"publish","type":"page","link":"https:\/\/deggaelshop.com\/en\/tilaus-ja-toimitusehdot\/","title":{"rendered":"Toimitusehdot"},"content":{"rendered":"<div data-elementor-type=\"wp-page\" data-elementor-id=\"17\" class=\"elementor elementor-17\" data-elementor-post-type=\"page\">\n\t\t\t\t\t\t<section class=\"elementor-section elementor-top-section elementor-element elementor-element-3639876e elementor-section-boxed elementor-section-height-default elementor-section-height-default\" data-id=\"3639876e\" data-element_type=\"section\" data-e-type=\"section\">\n\t\t\t\t\t\t<div class=\"elementor-container elementor-column-gap-default\">\n\t\t\t\t\t<div class=\"elementor-column elementor-col-100 elementor-top-column elementor-element elementor-element-6212a67\" data-id=\"6212a67\" data-element_type=\"column\" data-e-type=\"column\">\n\t\t\t<div class=\"elementor-widget-wrap elementor-element-populated\">\n\t\t\t\t\t\t<div class=\"elementor-element elementor-element-64d376e elementor-widget elementor-widget-text-editor\" data-id=\"64d376e\" data-element_type=\"widget\" data-e-type=\"widget\" data-widget_type=\"text-editor.default\">\n\t\t\t\t<div class=\"elementor-widget-container\">\n\t\t\t\t\t\t\t\t\t<p><\/p>\n<p>DEGGAEL COMMUNICATIONS 2061170-6 (hereinafter referred to as the online store) sells products to individuals in Finland. We reserve the right to change the terms of delivery and prices. The prices of the products include value-added tax<\/p>\n<p><\/p>\n<p><\/p>\n<h2 class=\"wp-block-heading\">Contact information<\/h2>\n<p><\/p>\n<p><\/p>\n<p><strong>Email<\/strong> <a href=\"mailto:customerservice@deggaelshop.com\">customerservice@deggaelshop.com<\/a><\/p>\n<p><\/p>\n<p><\/p>\n<p><strong>Post address: <\/strong>Kissakuja 12, 88600 Sotkamo, FINLAND<\/p>\n<p><\/p>\n<p><\/p>\n<h2 class=\"wp-block-heading\">Ordering<\/h2>\n<p><\/p>\n<p><\/p>\n<p>Products to be ordered are selected on the website by adding them to the shopping cart. The order is placed by paying for the contents of the shopping cart at the online store's checkout. By placing an order, you accept these terms of delivery, the prices of the products, and the shipping costs. If an email address is provided at the time of ordering, an order confirmation will be sent via email. The order confirmation will specify the ordered products and their prices.<\/p>\n<p><\/p>\n<p><\/p>\n<h2 class=\"wp-block-heading\">Payment<\/h2>\n<p><\/p>\n<p><\/p>\n<p>Visma Pay (Visma Payments Oy, business ID 2486559-4) acts as the payment intermediary for the online store and is registered in the payment institution register maintained by the Financial Supervisory Authority. Payment transactions are carried out through the Visma Pay online service, and on the bank statement and invoice, the payee is listed as Visma Pay or Visma Payments Oy. Visma Pay facilitates the transfer of payments to the online merchant. The payment process is secure, as all information related to the payment transaction is transmitted using encrypted connections, preventing any external party from accessing the details of the payment transaction.<\/p>\n<p><\/p>\n<p><\/p>\n<p>The transaction is established between the online store's customer and the online store itself. The online store is responsible for all obligations related to the transaction.<\/p>\n<p><\/p>\n<p><\/p>\n<p>Lue lis\u00e4\u00e4 Visma Paysta: <a href=\"https:\/\/www.visma.fi\/vismapay\/\" target=\"_blank\" rel=\"noreferrer noopener\">https:\/\/www.visma.fi\/vismapay\/<\/a><\/p>\n<p><\/p>\n<p><\/p>\n<h2 class=\"wp-block-heading\">Payment methods<\/h2>\n<p><\/p>\n<p><\/p>\n<p>Through Visma Pay service, you can pay with online banking credentials, wallet, credit\/debit cards, invoice, or installment. The available payment methods include: Osuuspankki, Nordea, Danske Bank, Oma S\u00e4\u00e4st\u00f6pankki, S\u00e4\u00e4st\u00f6pankki, Aktia, Local Cooperative Banks, S-Pankki, Handelsbanken, \u00c5landsbanken, MobilePay, Masterpass, Pivo, Visa, Visa Debit, Visa Electron, MasterCard, and Debit MasterCard, as well as Jousto, Alisa Invoice, and Alisa Business Invoice. Note that you can only pay with a card payment outside of Finland.<\/p>\n<p><\/p>\n<p><\/p>\n<p class=\"translation-block\"><strong>MobilePay:<\/strong> You can pay with your MobilePay wallet if you have allowed online payments in the app settings. Payments made with the MobilePay wallet will be charged to the linked payment card. If charging the card fails, paying with the MobilePay wallet is not possible in the online store.<\/p>\n<p><\/p>\n<p><\/p>\n<p class=\"translation-block\"><strong>Pivo:<\/strong> Terms of use are available on Pivo's website: <a href=\"https:\/\/pivo.fi\/kayttoehdot\/pivon-kayttoehdot\/\" target=\"_self\">https:\/\/pivo.fi\/kayttoehdot\/pivon-kayttoehdot\/<\/a><\/p>\n<p><\/p>\n<p><\/p>\n<p class=\"translation-block\"><strong>Jousto invoice and installment<\/strong> is a domestic service that allows you to make your purchases quickly and safely. Jousto is intended for individuals who have managed their finances impeccably. With Jousto, you get a 30-day interest-free and cost-free payment period. Upon receiving the invoice, you can decide whether to pay it in full or in installments. With installment payments, you can pay for your purchases in up to 36 installments, starting from 9.90 eur\/month. The costs of Jousto installment payments are 3.90 eur\/month, and there is a 19.90% credit interest rate. You can use Jousto for purchases ranging from 30 to 3000 euros. The credit is provided by Aurajoki Nordic Oy. Read more about Jousto at <a href=\"https:\/\/jousto.com\" target=\"_blank\" rel=\"noopener\">www.jousto.com<\/a>.<\/p>\n<p><\/p>\n<p><\/p>\n<p class=\"translation-block\"><strong>OP Invoice<\/strong> \u2013 Flexible way to pay for online purchases. For customers of all banks. With OP Invoice, you can make purchases of up to 5,000 euros and pay them off interest-free within 45 days. If you wish, you can split the invoice into multiple payments. Your purchases are visible in one place, making it easy to keep track of your spending. With a credit limit, you can control your consumption within desired limits. You conveniently receive invoices via email. In our online service, you can view information about your use of OP Invoice and the total amount of your purchases. You can use OP Invoice if you are financially capable, over 20 years old, and have Finnish online banking credentials. For more information about OP Invoice, visit: <a href=\"https:\/\/www.op.fi\/henkiloasiakkaat\/paivittaiset\/maksaminen\/op-lasku\" target=\"_blank\" rel=\"noopener\">https:\/\/www.op.fi\/henkiloasiakkaat\/paivittaiset\/maksaminen\/op-lasku<\/a><\/p>\n<p><\/p>\n<p><\/p>\n<p class=\"translation-block\"><strong>Alisa Invoice<\/strong> is a flexible and secure payment method. This payment method is suitable for all consumers over 20 years old for all types of purchases. If desired, you can split the invoice into smaller parts and pay it back in up to 60 installments. For more information about Alisa Invoice, visit: <a href=\"https:\/\/www.alisapankki.fi\/\" target=\"_blank\" rel=\"noopener\">https:\/\/www.alisapankki.fi\/<\/a><\/p>\n<p><\/p>\n<p><\/p>\n<p><\/p>\n<p><\/p>\n<p><strong>Visma Pay contact information<\/strong><\/p>\n<p><\/p>\n<p><\/p>\n<p>Visma Payments Oy (VAT FI24865594)<\/p>\n<p><\/p>\n<p><\/p>\n<p><strong>Email <\/strong><a href=\"mailto:helpdesk@vismapay.com\">helpdesk@vismapay.com<\/a><\/p>\n<p><\/p>\n<p><\/p>\n<p><strong>Phone: <\/strong>09 315 42 037 (arkisin klo 9-16)<\/p>\n<p><\/p>\n<p><\/p>\n<p><strong>Post address:<\/strong> Brahenkatu 4, 53100 Lappeenranta<\/p>\n<p><\/p>\n<p><\/p>\n<h2 class=\"wp-block-heading\">Delivery<\/h2>\n<p><\/p>\n<p><\/p>\n<p>Tilauksia postitetaan arkip\u00e4ivisin. Varastosta toimitettavien tuotteiden toimitusaika on yleens\u00e4 3-5 arkip\u00e4iv\u00e4\u00e4. Mik\u00e4li toimitettavat tuotteet ovat tilaustuotteita, toimitusaika on yleens\u00e4 1-3 viikkoa. Ennakkotilaukset toimitetaan annettuna p\u00e4iv\u00e4n\u00e4. Toimituskulut m\u00e4\u00e4r\u00e4ytyv\u00e4t valitun toimitustavan, mahdollisten lis\u00e4palvelujen, tilauksen painon ja koon mukaan. N\u00e4et toimituskulut verkkokaupan kassatoiminnossa ennen tilauksen lopullista hyv\u00e4ksymist\u00e4.<\/p>\n<p><\/p>\n<p><\/p>\n<p>Mik\u00e4li tuote on kadonnut tai vioittunut toimituksen aikana, tulee t\u00e4st\u00e4 ilmoittaa viipym\u00e4tt\u00e4, mutta kuitenkin 14 vuorokauden kuluessa verkkokaupalle. Toimituksessa vioittuneista paketeista tulee viipym\u00e4tt\u00e4 ilmoittaa toimituksesta vastanneelle yhti\u00f6lle.\u00a0<\/p>\n<p><\/p>\n<p><\/p>\n<h3 class=\"wp-block-heading\">Deliveries to Finland<\/h3>\n<p><\/p>\n<p><\/p>\n<p class=\"translation-block\"><strong>CD 1-2 pieces:<\/strong> \u20ac4 as a letter, also available with tracked package delivery for \u20ac7.<\/p>\n<p><\/p>\n<p><\/p>\n<p class=\"translation-block\"><strong>CD +3 pieces:<\/strong> \u20ac7 as a package (Posti, Matkahuolto).<\/p>\n<p><\/p>\n<p><\/p>\n<p class=\"translation-block\"><strong>LP\/2LP:<\/strong> \u20ac7 as a package (Posti, Matkahuolto).<\/p>\n<p><\/p>\n<p><\/p>\n<p class=\"translation-block\"><strong>Books:<\/strong> \u20ac7 as a package (Posti, Matkahuolto).<\/p>\n<p><\/p>\n<p><\/p>\n<p><strong><em>Orders over 100 \u20ac without a delivery fee in Finland!<\/em><\/strong><\/p>\n<p><\/p>\n<p><\/p>\n<h3 class=\"wp-block-heading\">Deliveries to EU area<\/h3>\n<p><\/p>\n<p><\/p>\n<p>Deliveries to EU area are <b>17 \u20ac<\/b> per delivery.<\/p>\n<p><\/p>\n<p><\/p>\n<h2 class=\"wp-block-heading\">Returns<\/h2>\n<p><\/p>\n<p><\/p>\n<p>The online store customer has a 14-day exchange and return right in accordance with consumer protection laws. The customer has the right to exchange or return all or part of the ordered products. The products to be returned or exchanged must be in their original packaging and in saleable condition. If you wish to return or exchange products, please contact the online store first and inquire about the return instructions. Please include your name, contact information, and your bank account number for possible refunds with your return. We charge the return costs from the client.<\/p>\n<p><em><strong>Remember to save a receipt or document your returned package until the return has been processed.<\/strong><\/em><\/p>\n<p><\/p>\n<p><\/p>\n<h2 class=\"wp-block-heading\">Cancellation of Order, Liability for Defects, and Complaints<\/h2>\n<p><\/p>\n<p><\/p>\n<p>The order is possible to cancel before delivery by a written notice via email.<\/p>\n<p><\/p>\n<p><\/p>\n<p>The online store has a statutory liability for defects in the sold products. In case of complaints, we request you to contact our customer service. The consumer has the right to bring any potential disputes to be resolved by the Consumer Disputes Board.<\/p>\n<p><\/p>\t\t\t\t\t\t\t\t<\/div>\n\t\t\t\t<\/div>\n\t\t\t\t\t<\/div>\n\t\t<\/div>\n\t\t\t\t\t<\/div>\n\t\t<\/section>\n\t\t\t\t<\/div>","protected":false},"excerpt":{"rendered":"<p>DEGGAEL COMMUNICATIONS 2061170-6 (j\u00e4ljemp\u00e4n\u00e4 verkkokauppa) myy tuotteita yksityishenkil\u00f6ille Suomeen. Pid\u00e4t\u00e4mme oikeuden toimitusehtojen ja hintojen muutoksiin. Tuotteiden hinnat sis\u00e4lt\u00e4v\u00e4t arvonlis\u00e4veron. Verkkokaupan yhteystiedot S\u00e4hk\u00f6posti: customerservice@deggaelshop.com Postiosoite: Kissakuja 12, 88600 Sotkamo Tilaaminen Tilattavat tuotteet valitaan verkkosivuilla lis\u00e4\u00e4m\u00e4ll\u00e4 ne ostoskoriin. Tilaus l\u00e4hetet\u00e4\u00e4n maksamalla ostoskorin sis\u00e4lt\u00f6 verkkokaupan kassatoiminnossa. Tehdess\u00e4si tilauksen hyv\u00e4ksyt n\u00e4m\u00e4 toimitusehdot, tuotteiden hinnat sek\u00e4 toimituskulut. Mik\u00e4li tilaushetkell\u00e4 annetaan [&hellip;]<\/p>\n","protected":false},"author":1,"featured_media":0,"parent":0,"menu_order":0,"comment_status":"closed","ping_status":"closed","template":"elementor_header_footer","meta":{"footnotes":""},"class_list":["post-17","page","type-page","status-publish","hentry"],"yoast_head":"<!-- This site is optimized with the Yoast SEO plugin v27.4 - https:\/\/yoast.com\/product\/yoast-seo-wordpress\/ -->\n<title>Toimitusehdot | DEGGAELSHOP | Levykauppa | CD | LP | Kirjat<\/title>\n<meta name=\"robots\" content=\"index, follow, max-snippet:-1, max-image-preview:large, max-video-preview:-1\" \/>\n<link rel=\"canonical\" href=\"https:\/\/deggaelshop.com\/en\/tilaus-ja-toimitusehdot\/\" \/>\n<meta property=\"og:locale\" content=\"en_US\" \/>\n<meta property=\"og:type\" content=\"article\" \/>\n<meta property=\"og:title\" content=\"Toimitusehdot | DEGGAELSHOP | Levykauppa | CD | LP | Kirjat\" \/>\n<meta property=\"og:description\" content=\"DEGGAEL COMMUNICATIONS 2061170-6 (j\u00e4ljemp\u00e4n\u00e4 verkkokauppa) myy tuotteita yksityishenkil\u00f6ille Suomeen. Pid\u00e4t\u00e4mme oikeuden toimitusehtojen ja hintojen muutoksiin. Tuotteiden hinnat sis\u00e4lt\u00e4v\u00e4t arvonlis\u00e4veron. Verkkokaupan yhteystiedot S\u00e4hk\u00f6posti: customerservice@deggaelshop.com Postiosoite: Kissakuja 12, 88600 Sotkamo Tilaaminen Tilattavat tuotteet valitaan verkkosivuilla lis\u00e4\u00e4m\u00e4ll\u00e4 ne ostoskoriin. Tilaus l\u00e4hetet\u00e4\u00e4n maksamalla ostoskorin sis\u00e4lt\u00f6 verkkokaupan kassatoiminnossa. Tehdess\u00e4si tilauksen hyv\u00e4ksyt n\u00e4m\u00e4 toimitusehdot, tuotteiden hinnat sek\u00e4 toimituskulut. Mik\u00e4li tilaushetkell\u00e4 annetaan [&hellip;]\" \/>\n<meta property=\"og:url\" content=\"https:\/\/deggaelshop.com\/en\/tilaus-ja-toimitusehdot\/\" \/>\n<meta property=\"og:site_name\" content=\"DEGGAELSHOP\" \/>\n<meta property=\"article:modified_time\" content=\"2023-12-13T18:42:44+00:00\" \/>\n<meta property=\"og:image\" content=\"https:\/\/deggaelshop.com\/wp-content\/uploads\/2023\/07\/deggael-fall-back.jpg\" \/>\n\t<meta property=\"og:image:width\" content=\"1200\" \/>\n\t<meta property=\"og:image:height\" content=\"630\" \/>\n\t<meta property=\"og:image:type\" content=\"image\/jpeg\" \/>\n<meta name=\"twitter:card\" content=\"summary_large_image\" \/>\n<meta name=\"twitter:label1\" content=\"Est. reading time\" \/>\n\t<meta name=\"twitter:data1\" content=\"5 minutes\" \/>\n<script type=\"application\/ld+json\" class=\"yoast-schema-graph\">{\"@context\":\"https:\\\/\\\/schema.org\",\"@graph\":[{\"@type\":\"WebPage\",\"@id\":\"https:\\\/\\\/deggaelshop.com\\\/tilaus-ja-toimitusehdot\\\/\",\"url\":\"https:\\\/\\\/deggaelshop.com\\\/tilaus-ja-toimitusehdot\\\/\",\"name\":\"Toimitusehdot | DEGGAELSHOP | Levykauppa | CD | LP | Kirjat\",\"isPartOf\":{\"@id\":\"https:\\\/\\\/deggaelshop.com\\\/#website\"},\"datePublished\":\"2023-07-13T09:29:36+00:00\",\"dateModified\":\"2023-12-13T18:42:44+00:00\",\"breadcrumb\":{\"@id\":\"https:\\\/\\\/deggaelshop.com\\\/tilaus-ja-toimitusehdot\\\/#breadcrumb\"},\"inLanguage\":\"en-US\",\"potentialAction\":[{\"@type\":\"ReadAction\",\"target\":[\"https:\\\/\\\/deggaelshop.com\\\/tilaus-ja-toimitusehdot\\\/\"]}]},{\"@type\":\"BreadcrumbList\",\"@id\":\"https:\\\/\\\/deggaelshop.com\\\/tilaus-ja-toimitusehdot\\\/#breadcrumb\",\"itemListElement\":[{\"@type\":\"ListItem\",\"position\":1,\"name\":\"Etusivu\",\"item\":\"https:\\\/\\\/deggaelshop.com\\\/\"},{\"@type\":\"ListItem\",\"position\":2,\"name\":\"Toimitusehdot\"}]},{\"@type\":\"WebSite\",\"@id\":\"https:\\\/\\\/deggaelshop.com\\\/#website\",\"url\":\"https:\\\/\\\/deggaelshop.com\\\/\",\"name\":\"Deggael Shop\",\"description\":\"Deggael Communications\",\"publisher\":{\"@id\":\"https:\\\/\\\/deggaelshop.com\\\/#organization\"},\"alternateName\":\"Levykauppa | CD-levyt | Kirjat\",\"potentialAction\":[{\"@type\":\"SearchAction\",\"target\":{\"@type\":\"EntryPoint\",\"urlTemplate\":\"https:\\\/\\\/deggaelshop.com\\\/?s={search_term_string}\"},\"query-input\":{\"@type\":\"PropertyValueSpecification\",\"valueRequired\":true,\"valueName\":\"search_term_string\"}}],\"inLanguage\":\"en-US\"},{\"@type\":\"Organization\",\"@id\":\"https:\\\/\\\/deggaelshop.com\\\/#organization\",\"name\":\"Deggael Communications\",\"alternateName\":\"Deggael Shop\",\"url\":\"https:\\\/\\\/deggaelshop.com\\\/\",\"logo\":{\"@type\":\"ImageObject\",\"inLanguage\":\"en-US\",\"@id\":\"https:\\\/\\\/deggaelshop.com\\\/#\\\/schema\\\/logo\\\/image\\\/\",\"url\":\"https:\\\/\\\/deggaelshop.com\\\/wp-content\\\/uploads\\\/2023\\\/07\\\/deggael-logo-black-1.png\",\"contentUrl\":\"https:\\\/\\\/deggaelshop.com\\\/wp-content\\\/uploads\\\/2023\\\/07\\\/deggael-logo-black-1.png\",\"width\":2000,\"height\":700,\"caption\":\"Deggael Communications\"},\"image\":{\"@id\":\"https:\\\/\\\/deggaelshop.com\\\/#\\\/schema\\\/logo\\\/image\\\/\"}}]}<\/script>\n<!-- \/ Yoast SEO plugin. -->","yoast_head_json":{"title":"Toimitusehdot | DEGGAELSHOP | Levykauppa | CD | LP | Kirjat","robots":{"index":"index","follow":"follow","max-snippet":"max-snippet:-1","max-image-preview":"max-image-preview:large","max-video-preview":"max-video-preview:-1"},"canonical":"https:\/\/deggaelshop.com\/en\/tilaus-ja-toimitusehdot\/","og_locale":"en_US","og_type":"article","og_title":"Toimitusehdot | DEGGAELSHOP | Levykauppa | CD | LP | Kirjat","og_description":"DEGGAEL COMMUNICATIONS 2061170-6 (j\u00e4ljemp\u00e4n\u00e4 verkkokauppa) myy tuotteita yksityishenkil\u00f6ille Suomeen. Pid\u00e4t\u00e4mme oikeuden toimitusehtojen ja hintojen muutoksiin. Tuotteiden hinnat sis\u00e4lt\u00e4v\u00e4t arvonlis\u00e4veron. Verkkokaupan yhteystiedot S\u00e4hk\u00f6posti: customerservice@deggaelshop.com Postiosoite: Kissakuja 12, 88600 Sotkamo Tilaaminen Tilattavat tuotteet valitaan verkkosivuilla lis\u00e4\u00e4m\u00e4ll\u00e4 ne ostoskoriin. Tilaus l\u00e4hetet\u00e4\u00e4n maksamalla ostoskorin sis\u00e4lt\u00f6 verkkokaupan kassatoiminnossa. Tehdess\u00e4si tilauksen hyv\u00e4ksyt n\u00e4m\u00e4 toimitusehdot, tuotteiden hinnat sek\u00e4 toimituskulut. Mik\u00e4li tilaushetkell\u00e4 annetaan [&hellip;]","og_url":"https:\/\/deggaelshop.com\/en\/tilaus-ja-toimitusehdot\/","og_site_name":"DEGGAELSHOP","article_modified_time":"2023-12-13T18:42:44+00:00","og_image":[{"width":1200,"height":630,"url":"https:\/\/deggaelshop.com\/wp-content\/uploads\/2023\/07\/deggael-fall-back.jpg","type":"image\/jpeg"}],"twitter_card":"summary_large_image","twitter_misc":{"Est. reading time":"5 minutes"},"schema":{"@context":"https:\/\/schema.org","@graph":[{"@type":"WebPage","@id":"https:\/\/deggaelshop.com\/tilaus-ja-toimitusehdot\/","url":"https:\/\/deggaelshop.com\/tilaus-ja-toimitusehdot\/","name":"Toimitusehdot | DEGGAELSHOP | Levykauppa | CD | LP | Kirjat","isPartOf":{"@id":"https:\/\/deggaelshop.com\/#website"},"datePublished":"2023-07-13T09:29:36+00:00","dateModified":"2023-12-13T18:42:44+00:00","breadcrumb":{"@id":"https:\/\/deggaelshop.com\/tilaus-ja-toimitusehdot\/#breadcrumb"},"inLanguage":"en-US","potentialAction":[{"@type":"ReadAction","target":["https:\/\/deggaelshop.com\/tilaus-ja-toimitusehdot\/"]}]},{"@type":"BreadcrumbList","@id":"https:\/\/deggaelshop.com\/tilaus-ja-toimitusehdot\/#breadcrumb","itemListElement":[{"@type":"ListItem","position":1,"name":"Etusivu","item":"https:\/\/deggaelshop.com\/"},{"@type":"ListItem","position":2,"name":"Toimitusehdot"}]},{"@type":"WebSite","@id":"https:\/\/deggaelshop.com\/#website","url":"https:\/\/deggaelshop.com\/","name":"Deggael Shop","description":"Deggael Communications","publisher":{"@id":"https:\/\/deggaelshop.com\/#organization"},"alternateName":"Levykauppa | CD-levyt | Kirjat","potentialAction":[{"@type":"SearchAction","target":{"@type":"EntryPoint","urlTemplate":"https:\/\/deggaelshop.com\/?s={search_term_string}"},"query-input":{"@type":"PropertyValueSpecification","valueRequired":true,"valueName":"search_term_string"}}],"inLanguage":"en-US"},{"@type":"Organization","@id":"https:\/\/deggaelshop.com\/#organization","name":"Deggael Communications","alternateName":"Deggael Shop","url":"https:\/\/deggaelshop.com\/","logo":{"@type":"ImageObject","inLanguage":"en-US","@id":"https:\/\/deggaelshop.com\/#\/schema\/logo\/image\/","url":"https:\/\/deggaelshop.com\/wp-content\/uploads\/2023\/07\/deggael-logo-black-1.png","contentUrl":"https:\/\/deggaelshop.com\/wp-content\/uploads\/2023\/07\/deggael-logo-black-1.png","width":2000,"height":700,"caption":"Deggael Communications"},"image":{"@id":"https:\/\/deggaelshop.com\/#\/schema\/logo\/image\/"}}]}},"_links":{"self":[{"href":"https:\/\/deggaelshop.com\/en\/wp-json\/wp\/v2\/pages\/17","targetHints":{"allow":["GET"]}}],"collection":[{"href":"https:\/\/deggaelshop.com\/en\/wp-json\/wp\/v2\/pages"}],"about":[{"href":"https:\/\/deggaelshop.com\/en\/wp-json\/wp\/v2\/types\/page"}],"author":[{"embeddable":true,"href":"https:\/\/deggaelshop.com\/en\/wp-json\/wp\/v2\/users\/1"}],"replies":[{"embeddable":true,"href":"https:\/\/deggaelshop.com\/en\/wp-json\/wp\/v2\/comments?post=17"}],"version-history":[{"count":3,"href":"https:\/\/deggaelshop.com\/en\/wp-json\/wp\/v2\/pages\/17\/revisions"}],"predecessor-version":[{"id":728,"href":"https:\/\/deggaelshop.com\/en\/wp-json\/wp\/v2\/pages\/17\/revisions\/728"}],"wp:attachment":[{"href":"https:\/\/deggaelshop.com\/en\/wp-json\/wp\/v2\/media?parent=17"}],"curies":[{"name":"wp","href":"https:\/\/api.w.org\/{rel}","templated":true}]}}