{"id":14,"date":"2023-07-13T08:41:58","date_gmt":"2023-07-13T08:41:58","guid":{"rendered":"https:\/\/deggaelshop.com\/ostoskori\/"},"modified":"2023-07-13T08:41:58","modified_gmt":"2023-07-13T08:41:58","slug":"ostoskori","status":"publish","type":"page","link":"https:\/\/deggaelshop.com\/en\/ostoskori\/","title":{"rendered":"Cart"},"content":{"rendered":"<div data-elementor-type=\"wp-page\" data-elementor-id=\"14\" class=\"elementor elementor-14\" data-elementor-post-type=\"page\">\n\t\t\t\t\t\t<section class=\"elementor-section elementor-top-section elementor-element elementor-element-369b1c23 elementor-section-boxed elementor-section-height-default elementor-section-height-default\" data-id=\"369b1c23\" data-element_type=\"section\" data-e-type=\"section\">\n\t\t\t\t\t\t<div class=\"elementor-container elementor-column-gap-default\">\n\t\t\t\t\t<div class=\"elementor-column elementor-col-100 elementor-top-column elementor-element elementor-element-6468df7d\" data-id=\"6468df7d\" data-element_type=\"column\" data-e-type=\"column\">\n\t\t\t<div class=\"elementor-widget-wrap elementor-element-populated\">\n\t\t\t\t\t\t\t<\/div>\n\t\t<\/div>\n\t\t\t\t\t<\/div>\n\t\t<\/section>\n\t\t\t\t<\/div>","protected":false},"excerpt":{"rendered":"<p>Poista kohde Pikkukuva Tuote Hinta M\u00e4\u00e4r\u00e4 V\u00e4lisumma &times; L\u00c4HI\u00d6BOTOX : Rikkin\u00e4inen Suomi CD 4,90&nbsp;&euro; L\u00c4HI\u00d6BOTOX : Rikkin\u00e4inen Suomi CD m\u00e4\u00e4r\u00e4 4,90&nbsp;&euro; Lis\u00e4\u00e4 alennuskuponki Ostoskori yhteens\u00e4 V\u00e4lisumma 4,90&nbsp;&euro; Toimitus CD 1-2 kpl (kirjeen\u00e4, ei seurantaa): 4,00&nbsp;&euro; Postipaketti: 7,00&nbsp;&euro; Matkahuolto L\u00e4hell\u00e4-paketti: 7,00&nbsp;&euro; DBSchenker: 7,00&nbsp;&euro; Kirjetoimitus (CD 1-2kpl): 4,00&nbsp;&euro; Toimitusvalinnat p\u00e4ivitet\u00e4\u00e4n kassalla. Laske toimituskulut Country \/ region: Valitse [&hellip;]<\/p>\n","protected":false},"author":1,"featured_media":0,"parent":0,"menu_order":0,"comment_status":"closed","ping_status":"closed","template":"elementor_header_footer","meta":{"footnotes":""},"class_list":["post-14","page","type-page","status-publish","hentry"],"yoast_head":"<!-- This site is optimized with the Yoast SEO plugin v27.4 - https:\/\/yoast.com\/product\/yoast-seo-wordpress\/ -->\n<title>Ostoskori | DEGGAELSHOP | Levykauppa | CD | LP | Kirjat<\/title>\n<meta name=\"robots\" content=\"index, follow, max-snippet:-1, max-image-preview:large, max-video-preview:-1\" \/>\n<link rel=\"canonical\" href=\"https:\/\/deggaelshop.com\/en\/ostoskori\/\" \/>\n<meta property=\"og:locale\" content=\"en_US\" \/>\n<meta property=\"og:type\" content=\"article\" \/>\n<meta property=\"og:title\" content=\"Ostoskori | DEGGAELSHOP | Levykauppa | CD | LP | Kirjat\" \/>\n<meta property=\"og:description\" content=\"Poista kohde Pikkukuva Tuote Hinta M\u00e4\u00e4r\u00e4 V\u00e4lisumma &times; L\u00c4HI\u00d6BOTOX : Rikkin\u00e4inen Suomi CD 4,90&nbsp;&euro; L\u00c4HI\u00d6BOTOX : Rikkin\u00e4inen Suomi CD m\u00e4\u00e4r\u00e4 4,90&nbsp;&euro; Lis\u00e4\u00e4 alennuskuponki Ostoskori yhteens\u00e4 V\u00e4lisumma 4,90&nbsp;&euro; Toimitus CD 1-2 kpl (kirjeen\u00e4, ei seurantaa): 4,00&nbsp;&euro; Postipaketti: 7,00&nbsp;&euro; Matkahuolto L\u00e4hell\u00e4-paketti: 7,00&nbsp;&euro; DBSchenker: 7,00&nbsp;&euro; Kirjetoimitus (CD 1-2kpl): 4,00&nbsp;&euro; Toimitusvalinnat p\u00e4ivitet\u00e4\u00e4n kassalla. Laske toimituskulut Country \/ region: Valitse [&hellip;]\" \/>\n<meta property=\"og:url\" content=\"https:\/\/deggaelshop.com\/en\/ostoskori\/\" \/>\n<meta property=\"og:site_name\" content=\"DEGGAELSHOP\" \/>\n<meta property=\"og:image\" content=\"https:\/\/deggaelshop.com\/wp-content\/uploads\/2023\/07\/brs-lahiobotox-rikkinainen-suomi_1800x1800-1.jpg-kopio-1-300x300.jpg\" \/>\n<meta name=\"twitter:card\" content=\"summary_large_image\" \/>\n<meta name=\"twitter:label1\" content=\"Est. reading time\" \/>\n\t<meta name=\"twitter:data1\" content=\"1 minute\" \/>\n<script type=\"application\/ld+json\" class=\"yoast-schema-graph\">{\"@context\":\"https:\\\/\\\/schema.org\",\"@graph\":[{\"@type\":\"WebPage\",\"@id\":\"https:\\\/\\\/deggaelshop.com\\\/ostoskori\\\/\",\"url\":\"https:\\\/\\\/deggaelshop.com\\\/ostoskori\\\/\",\"name\":\"Ostoskori | DEGGAELSHOP | Levykauppa | CD | LP | Kirjat\",\"isPartOf\":{\"@id\":\"https:\\\/\\\/deggaelshop.com\\\/#website\"},\"primaryImageOfPage\":{\"@id\":\"https:\\\/\\\/deggaelshop.com\\\/ostoskori\\\/#primaryimage\"},\"image\":{\"@id\":\"https:\\\/\\\/deggaelshop.com\\\/ostoskori\\\/#primaryimage\"},\"thumbnailUrl\":\"https:\\\/\\\/deggaelshop.com\\\/wp-content\\\/uploads\\\/2023\\\/07\\\/brs-lahiobotox-rikkinainen-suomi_1800x1800-1.jpg-kopio-1-300x300.jpg\",\"datePublished\":\"2023-07-13T08:41:58+00:00\",\"breadcrumb\":{\"@id\":\"https:\\\/\\\/deggaelshop.com\\\/ostoskori\\\/#breadcrumb\"},\"inLanguage\":\"en-US\",\"potentialAction\":[{\"@type\":\"ReadAction\",\"target\":[\"https:\\\/\\\/deggaelshop.com\\\/ostoskori\\\/\"]}]},{\"@type\":\"ImageObject\",\"inLanguage\":\"en-US\",\"@id\":\"https:\\\/\\\/deggaelshop.com\\\/ostoskori\\\/#primaryimage\",\"url\":\"https:\\\/\\\/deggaelshop.com\\\/wp-content\\\/uploads\\\/2023\\\/07\\\/brs-lahiobotox-rikkinainen-suomi_1800x1800-1.jpg-kopio-1-300x300.jpg\",\"contentUrl\":\"https:\\\/\\\/deggaelshop.com\\\/wp-content\\\/uploads\\\/2023\\\/07\\\/brs-lahiobotox-rikkinainen-suomi_1800x1800-1.jpg-kopio-1-300x300.jpg\"},{\"@type\":\"BreadcrumbList\",\"@id\":\"https:\\\/\\\/deggaelshop.com\\\/ostoskori\\\/#breadcrumb\",\"itemListElement\":[{\"@type\":\"ListItem\",\"position\":1,\"name\":\"Etusivu\",\"item\":\"https:\\\/\\\/deggaelshop.com\\\/\"},{\"@type\":\"ListItem\",\"position\":2,\"name\":\"Ostoskori\"}]},{\"@type\":\"WebSite\",\"@id\":\"https:\\\/\\\/deggaelshop.com\\\/#website\",\"url\":\"https:\\\/\\\/deggaelshop.com\\\/\",\"name\":\"Deggael Shop\",\"description\":\"Deggael Communications\",\"publisher\":{\"@id\":\"https:\\\/\\\/deggaelshop.com\\\/#organization\"},\"alternateName\":\"Levykauppa | CD-levyt | Kirjat\",\"potentialAction\":[{\"@type\":\"SearchAction\",\"target\":{\"@type\":\"EntryPoint\",\"urlTemplate\":\"https:\\\/\\\/deggaelshop.com\\\/?s={search_term_string}\"},\"query-input\":{\"@type\":\"PropertyValueSpecification\",\"valueRequired\":true,\"valueName\":\"search_term_string\"}}],\"inLanguage\":\"en-US\"},{\"@type\":\"Organization\",\"@id\":\"https:\\\/\\\/deggaelshop.com\\\/#organization\",\"name\":\"Deggael Communications\",\"alternateName\":\"Deggael Shop\",\"url\":\"https:\\\/\\\/deggaelshop.com\\\/\",\"logo\":{\"@type\":\"ImageObject\",\"inLanguage\":\"en-US\",\"@id\":\"https:\\\/\\\/deggaelshop.com\\\/#\\\/schema\\\/logo\\\/image\\\/\",\"url\":\"https:\\\/\\\/deggaelshop.com\\\/wp-content\\\/uploads\\\/2023\\\/07\\\/deggael-logo-black-1.png\",\"contentUrl\":\"https:\\\/\\\/deggaelshop.com\\\/wp-content\\\/uploads\\\/2023\\\/07\\\/deggael-logo-black-1.png\",\"width\":2000,\"height\":700,\"caption\":\"Deggael Communications\"},\"image\":{\"@id\":\"https:\\\/\\\/deggaelshop.com\\\/#\\\/schema\\\/logo\\\/image\\\/\"}}]}<\/script>\n<!-- \/ Yoast SEO plugin. -->","yoast_head_json":{"title":"Ostoskori | DEGGAELSHOP | Levykauppa | CD | LP | Kirjat","robots":{"index":"index","follow":"follow","max-snippet":"max-snippet:-1","max-image-preview":"max-image-preview:large","max-video-preview":"max-video-preview:-1"},"canonical":"https:\/\/deggaelshop.com\/en\/ostoskori\/","og_locale":"en_US","og_type":"article","og_title":"Ostoskori | DEGGAELSHOP | Levykauppa | CD | LP | Kirjat","og_description":"Poista kohde Pikkukuva Tuote Hinta M\u00e4\u00e4r\u00e4 V\u00e4lisumma &times; L\u00c4HI\u00d6BOTOX : Rikkin\u00e4inen Suomi CD 4,90&nbsp;&euro; L\u00c4HI\u00d6BOTOX : Rikkin\u00e4inen Suomi CD m\u00e4\u00e4r\u00e4 4,90&nbsp;&euro; Lis\u00e4\u00e4 alennuskuponki Ostoskori yhteens\u00e4 V\u00e4lisumma 4,90&nbsp;&euro; Toimitus CD 1-2 kpl (kirjeen\u00e4, ei seurantaa): 4,00&nbsp;&euro; Postipaketti: 7,00&nbsp;&euro; Matkahuolto L\u00e4hell\u00e4-paketti: 7,00&nbsp;&euro; DBSchenker: 7,00&nbsp;&euro; Kirjetoimitus (CD 1-2kpl): 4,00&nbsp;&euro; Toimitusvalinnat p\u00e4ivitet\u00e4\u00e4n kassalla. Laske toimituskulut Country \/ region: Valitse [&hellip;]","og_url":"https:\/\/deggaelshop.com\/en\/ostoskori\/","og_site_name":"DEGGAELSHOP","og_image":[{"url":"https:\/\/deggaelshop.com\/wp-content\/uploads\/2023\/07\/brs-lahiobotox-rikkinainen-suomi_1800x1800-1.jpg-kopio-1-300x300.jpg","type":"","width":"","height":""}],"twitter_card":"summary_large_image","twitter_misc":{"Est. reading time":"1 minute"},"schema":{"@context":"https:\/\/schema.org","@graph":[{"@type":"WebPage","@id":"https:\/\/deggaelshop.com\/ostoskori\/","url":"https:\/\/deggaelshop.com\/ostoskori\/","name":"Ostoskori | DEGGAELSHOP | Levykauppa | CD | LP | Kirjat","isPartOf":{"@id":"https:\/\/deggaelshop.com\/#website"},"primaryImageOfPage":{"@id":"https:\/\/deggaelshop.com\/ostoskori\/#primaryimage"},"image":{"@id":"https:\/\/deggaelshop.com\/ostoskori\/#primaryimage"},"thumbnailUrl":"https:\/\/deggaelshop.com\/wp-content\/uploads\/2023\/07\/brs-lahiobotox-rikkinainen-suomi_1800x1800-1.jpg-kopio-1-300x300.jpg","datePublished":"2023-07-13T08:41:58+00:00","breadcrumb":{"@id":"https:\/\/deggaelshop.com\/ostoskori\/#breadcrumb"},"inLanguage":"en-US","potentialAction":[{"@type":"ReadAction","target":["https:\/\/deggaelshop.com\/ostoskori\/"]}]},{"@type":"ImageObject","inLanguage":"en-US","@id":"https:\/\/deggaelshop.com\/ostoskori\/#primaryimage","url":"https:\/\/deggaelshop.com\/wp-content\/uploads\/2023\/07\/brs-lahiobotox-rikkinainen-suomi_1800x1800-1.jpg-kopio-1-300x300.jpg","contentUrl":"https:\/\/deggaelshop.com\/wp-content\/uploads\/2023\/07\/brs-lahiobotox-rikkinainen-suomi_1800x1800-1.jpg-kopio-1-300x300.jpg"},{"@type":"BreadcrumbList","@id":"https:\/\/deggaelshop.com\/ostoskori\/#breadcrumb","itemListElement":[{"@type":"ListItem","position":1,"name":"Etusivu","item":"https:\/\/deggaelshop.com\/"},{"@type":"ListItem","position":2,"name":"Ostoskori"}]},{"@type":"WebSite","@id":"https:\/\/deggaelshop.com\/#website","url":"https:\/\/deggaelshop.com\/","name":"Deggael Shop","description":"Deggael Communications","publisher":{"@id":"https:\/\/deggaelshop.com\/#organization"},"alternateName":"Levykauppa | CD-levyt | Kirjat","potentialAction":[{"@type":"SearchAction","target":{"@type":"EntryPoint","urlTemplate":"https:\/\/deggaelshop.com\/?s={search_term_string}"},"query-input":{"@type":"PropertyValueSpecification","valueRequired":true,"valueName":"search_term_string"}}],"inLanguage":"en-US"},{"@type":"Organization","@id":"https:\/\/deggaelshop.com\/#organization","name":"Deggael Communications","alternateName":"Deggael Shop","url":"https:\/\/deggaelshop.com\/","logo":{"@type":"ImageObject","inLanguage":"en-US","@id":"https:\/\/deggaelshop.com\/#\/schema\/logo\/image\/","url":"https:\/\/deggaelshop.com\/wp-content\/uploads\/2023\/07\/deggael-logo-black-1.png","contentUrl":"https:\/\/deggaelshop.com\/wp-content\/uploads\/2023\/07\/deggael-logo-black-1.png","width":2000,"height":700,"caption":"Deggael Communications"},"image":{"@id":"https:\/\/deggaelshop.com\/#\/schema\/logo\/image\/"}}]}},"_links":{"self":[{"href":"https:\/\/deggaelshop.com\/en\/wp-json\/wp\/v2\/pages\/14","targetHints":{"allow":["GET"]}}],"collection":[{"href":"https:\/\/deggaelshop.com\/en\/wp-json\/wp\/v2\/pages"}],"about":[{"href":"https:\/\/deggaelshop.com\/en\/wp-json\/wp\/v2\/types\/page"}],"author":[{"embeddable":true,"href":"https:\/\/deggaelshop.com\/en\/wp-json\/wp\/v2\/users\/1"}],"replies":[{"embeddable":true,"href":"https:\/\/deggaelshop.com\/en\/wp-json\/wp\/v2\/comments?post=14"}],"version-history":[{"count":0,"href":"https:\/\/deggaelshop.com\/en\/wp-json\/wp\/v2\/pages\/14\/revisions"}],"wp:attachment":[{"href":"https:\/\/deggaelshop.com\/en\/wp-json\/wp\/v2\/media?parent=14"}],"curies":[{"name":"wp","href":"https:\/\/api.w.org\/{rel}","templated":true}]}}